{"id":836,"date":"2019-09-30T09:14:25","date_gmt":"2019-09-30T07:14:25","guid":{"rendered":"https:\/\/lorocar.com\/contacta-con-nosotros\/"},"modified":"2024-05-03T12:14:42","modified_gmt":"2024-05-03T10:14:42","slug":"contacta-con-nosotros","status":"publish","type":"page","link":"https:\/\/lorocar.com\/es\/contacta-con-nosotros\/","title":{"rendered":"Contacto"},"content":{"rendered":"<div class=\"wpb-content-wrapper\"><p>[vc_row full_width=&#8221;stretch_row_content&#8221;][vc_column][vc_custom_heading text=&#8221;CONT\u00c1CTANOS&#8221; font_container=&#8221;tag:h3|font_size:30px|text_align:center|color:%231e81f6|line_height:30px&#8221; use_theme_fonts=&#8221;yes&#8221; css_animation=&#8221;bounceInDown&#8221; css=&#8221;.vc_custom_1712667192694{margin-top: 10px !important;margin-bottom: 20px !important;}&#8221; link=&#8221;url:https%3A%2F%2Florocar.com%2Fcontactez-nous%2F&#8221;][vc_column_text css_animation=&#8221;bounceInDown&#8221;]<\/p>\n<p style=\"text-align: center;\"><span style=\"color: #9a9a9a; font-size: 16px;\">LOROCAR &#8211; <a href=\"https:\/\/lorocar.com\/es\/alquiler-de-coches-en-laayoune\/\">ALQUILER DE COCHES EN LAAYOUNE<\/a> A TU SERVICIO<br \/>\n\u00bfA qu\u00e9 esperas? <a href=\"https:\/\/lorocar.com\/es\/contacta-con-nosotros\/\">Contacta con nosotros<\/a><\/span><\/p>\n<p>[\/vc_column_text][\/vc_column][\/vc_row][vc_row][vc_column][vc_row_inner][vc_column_inner width=&#8221;1\/3&#8243;][stm_rental_two_info_box image=&#8221;562&#8243; title=&#8221;Vis\u00edtanos en&#8221; description=&#8221;1 Av. Chahid Boushraya Place El Aai\u00fan &#8211; 70000 Ma&#8221; hide_image=&#8221;563&#8243; hide_description=&#8221;1 Av. Chahid Boushraya Place El Aai\u00fan &#8211; 70000 Ma&#8221;][\/vc_column_inner][vc_column_inner width=&#8221;1\/3&#8243;][stm_rental_two_info_box image=&#8221;564&#8243; title=&#8221;Ll\u00e1manos&#8221; description=&#8221;Ll\u00e1manos 24\/7 +212 707 1888 98 | +212 528 8910 06&#8243; hide_image=&#8221;565&#8243; hide_description=&#8221;Ll\u00e1manos 24\/7 +212 707 1888 98 | +212 528 8910 06&#8243;][\/vc_column_inner][vc_column_inner width=&#8221;1\/3&#8243;][stm_rental_two_info_box image=&#8221;566&#8243; title=&#8221;P\u00f3ngase en contacto con&#8221; description=&#8221;Cont\u00e1ctenos al siguiente correo electr\u00f3nico: RESERVATION@LOROCAR.COM&#8221; hide_image=&#8221;567&#8243; hide_description=&#8221;O directamente en el siguiente formulario&#8221;][\/vc_column_inner][\/vc_row_inner][vc_row_inner equal_height=&#8221;yes&#8221; css=&#8221;.vc_custom_1572348509058{margin-top: 50px !important;}&#8221;][vc_column_inner offset=&#8221;vc_col-lg-5 vc_col-md-5&#8243;][vc_gmaps link=&#8221;#E-8_JTNDaWZyYW1lJTIwc3JjJTNEJTIyaHR0cHMlM0ElMkYlMkZ3d3cuZ29vZ2xlLmNvbSUyRm1hcHMlMkZlbWJlZCUzRnBiJTNEJTIxMW0xNCUyMTFtOCUyMTFtMyUyMTFkMTQyMDAuNjAyOTkxNDE0MTYlMjEyZC0xMy4yMDAyODMyJTIxM2QyNy4xNTE1NDY4JTIxM20yJTIxMWkxMDI0JTIxMmk3NjglMjE0ZjEzLjElMjEzbTMlMjExbTIlMjExczB4YzM3NzMxYzhjZTY2MzMzJTI1M0EweDM3NTFiZjU1YWJiYjBiZWQlMjEyc0xPUk8lMjUyMENBUiUyNTIwTG9jYXRpb24lMjUyMGRlJTI1MjB2b2l0dXJlJTI1MjBsYWF5b3VuZSUyMTVlMCUyMTNtMiUyMTFzZnIlMjEycyUyMTR2MTcxMjUzODQ3NzM4MCUyMTVtMiUyMTFzZnIlMjEycyUyMiUyMHdpZHRoJTNEJTIyNjAwJTIyJTIwaGVpZ2h0JTNEJTIyNDUwJTIyJTIwc3R5bGUlM0QlMjJib3JkZXIlM0EwJTNCJTIyJTIwYWxsb3dmdWxsc2NyZWVuJTNEJTIyJTIyJTIwbG9hZGluZyUzRCUyMmxhenklMjIlMjByZWZlcnJlcnBvbGljeSUzRCUyMm5vLXJlZmVycmVyLXdoZW4tZG93bmdyYWRlJTIyJTNFJTNDJTJGaWZyYW1lJTNF&#8221; size=&#8221;600&#8243; css_animation=&#8221;bounceInLeft&#8221;][\/vc_column_inner][vc_column_inner css=&#8221;.vc_custom_1572610648704{margin-left: 20px !important;}&#8221; offset=&#8221;vc_col-lg-7 vc_col-md-7&#8243;][vc_column_text css_animation=&#8221;bounceInRight&#8221; css=&#8221;.vc_custom_1712667393235{margin-bottom: 30px !important;}&#8221;]<\/p>\n<h2><span style=\"color: #5a5a5a;\">Formulario de contacto<\/span><\/h2>\n<p><span style=\"color: #9a9a9a; font-size: 16px;\"><a href=\"https:\/\/lorocar.com\/es\/contacta-con-nosotros\/\">Ll\u00e1manos<\/a> o ven a vernos en cualquier momento, nuestro objetivo es responder a todas las solicitudes en un plazo de 24 horas en d\u00edas laborables.<\/span>[\/vc_column_text]\n<div class=\"wpcf7 no-js\" id=\"wpcf7-f867-o1\" lang=\"es-ES\" dir=\"ltr\">\n<div class=\"screen-reader-response\"><p role=\"status\" aria-live=\"polite\" aria-atomic=\"true\"><\/p> <ul><\/ul><\/div>\n<form action=\"\/es\/wp-json\/wp\/v2\/pages\/836#wpcf7-f867-o1\" method=\"post\" class=\"wpcf7-form init\" aria-label=\"Formulario de contacto\" novalidate=\"novalidate\" data-status=\"init\">\n<div style=\"display: none;\">\n<input type=\"hidden\" name=\"_wpcf7\" value=\"867\" \/>\n<input type=\"hidden\" name=\"_wpcf7_version\" value=\"5.9.3\" \/>\n<input type=\"hidden\" name=\"_wpcf7_locale\" value=\"es_ES\" \/>\n<input type=\"hidden\" name=\"_wpcf7_unit_tag\" value=\"wpcf7-f867-o1\" \/>\n<input type=\"hidden\" name=\"_wpcf7_container_post\" value=\"0\" \/>\n<input type=\"hidden\" name=\"_wpcf7_posted_data_hash\" value=\"\" \/>\n<\/div>\n<div class=\"row\">\n            <div class=\"col-md-12\">\n                <div class=\"form-group\">\n                    <span class=\"wpcf7-form-control-wrap\" data-name=\"name\"><input size=\"40\" class=\"wpcf7-form-control wpcf7-text wpcf7-validates-as-required\" aria-required=\"true\" aria-invalid=\"false\" placeholder=\"Introduzca su nombre\" value=\"\" type=\"text\" name=\"name\" \/><\/span>\n                <\/div>\n            <\/div>\n<\/div>\n        <div class=\"row\">\n            <div class=\"col-md-12\">\n                <div class=\"form-group\">\n                    <span class=\"wpcf7-form-control-wrap\" data-name=\"email\"><input size=\"40\" class=\"wpcf7-form-control wpcf7-email wpcf7-validates-as-required wpcf7-text wpcf7-validates-as-email\" aria-required=\"true\" aria-invalid=\"false\" placeholder=\"Correo electr\u00f3nico\" value=\"\" type=\"email\" name=\"email\" \/><\/span>\n                <\/div>\n            <\/div>\n<\/div>\n<div class=\"row\">\n            <div class=\"col-md-12\">\n                <div class=\"form-group\">\n                    <span class=\"wpcf7-form-control-wrap\" data-name=\"phone\"><input size=\"40\" class=\"wpcf7-form-control wpcf7-tel wpcf7-text wpcf7-validates-as-tel\" aria-invalid=\"false\" placeholder=\"N\u00famero de tel\u00e9fono\" value=\"\" type=\"tel\" name=\"phone\" \/><\/span>\n                <\/div>\n            <\/div>\n        <\/div>\n<div class=\"row\">\n<div class=\"col-md-12\">\n            <div class=\"form-group\">\n                <span class=\"wpcf7-form-control-wrap\" data-name=\"message\"><textarea cols=\"40\" rows=\"10\" class=\"wpcf7-form-control wpcf7-textarea\" aria-invalid=\"false\" placeholder=\"Introduce tu mensaje...\" name=\"message\"><\/textarea><\/span>\n            <\/div>\n        <\/div>\n<\/div>\n<div id=\"cf7sr-69e4fcfd71b16\" class=\"cf7sr-g-recaptcha\" data-theme=\"light\" data-type=\"image\" data-size=\"normal\" data-sitekey=\"6LdFvrMpAAAAAIUC-NPWg4mI1M5qX-9TkVi_awk4\"><\/div><span class=\"wpcf7-form-control-wrap cf7sr-recaptcha\" data-name=\"cf7sr-recaptcha\"><input type=\"hidden\" name=\"cf7sr-recaptcha\" value=\"\" class=\"wpcf7-form-control\"><\/span>\n<div class=\"row\">\n<div class=\"col-md-12\">\n        <div class=\"contact-us-submit\">\n<input class=\"wpcf7-form-control wpcf7-submit has-spinner contact-us-submit\" type=\"submit\" value=\"Envoyer\" \/>\n        <\/div>\n<\/div>\n<\/div><div class=\"wpcf7-response-output\" aria-hidden=\"true\"><\/div>\n<\/form>\n<\/div>\n[\/vc_column_inner][\/vc_row_inner][\/vc_column][\/vc_row]<\/p>\n<\/div>","protected":false},"excerpt":{"rendered":"<p>[vc_row full_width=&#8221;stretch_row_content&#8221;][vc_column][vc_custom_heading text=&#8221;CONT\u00c1CTANOS&#8221; font_container=&#8221;tag:h3|font_size:30px|text_align:center|color:%231e81f6|line_height:30px&#8221; use_theme_fonts=&#8221;yes&#8221; css_animation=&#8221;bounceInDown&#8221; css=&#8221;.vc_custom_1712667192694{margin-top: 10px !important;margin-bottom: 20px !important;}&#8221; link=&#8221;url:https%3A%2F%2Florocar.com%2Fcontactez-nous%2F&#8221;][vc_column_text css_animation=&#8221;bounceInDown&#8221;] LOROCAR &#8211; ALQUILER DE COCHES EN LAAYOUNE A TU SERVICIO \u00bfA qu\u00e9 esperas? Contacta con nosotros [\/vc_column_text][\/vc_column][\/vc_row][vc_row][vc_column][vc_row_inner][vc_column_inner width=&#8221;1\/3&#8243;][stm_rental_two_info_box image=&#8221;562&#8243; title=&#8221;Vis\u00edtanos en&#8221; description=&#8221;1 Av. Chahid Boushraya Place El Aai\u00fan &#8211; 70000 Ma&#8221; hide_image=&#8221;563&#8243; hide_description=&#8221;1 Av. Chahid Boushraya Place El Aai\u00fan &#8211; 70000 Ma&#8221;][\/vc_column_inner][vc_column_inner&#8230;<\/p>\n","protected":false},"author":1,"featured_media":0,"parent":0,"menu_order":0,"comment_status":"closed","ping_status":"closed","template":"","meta":{"footnotes":""},"class_list":["post-836","page","type-page","status-publish","hentry"],"_links":{"self":[{"href":"https:\/\/lorocar.com\/es\/wp-json\/wp\/v2\/pages\/836","targetHints":{"allow":["GET"]}}],"collection":[{"href":"https:\/\/lorocar.com\/es\/wp-json\/wp\/v2\/pages"}],"about":[{"href":"https:\/\/lorocar.com\/es\/wp-json\/wp\/v2\/types\/page"}],"author":[{"embeddable":true,"href":"https:\/\/lorocar.com\/es\/wp-json\/wp\/v2\/users\/1"}],"replies":[{"embeddable":true,"href":"https:\/\/lorocar.com\/es\/wp-json\/wp\/v2\/comments?post=836"}],"version-history":[{"count":6,"href":"https:\/\/lorocar.com\/es\/wp-json\/wp\/v2\/pages\/836\/revisions"}],"predecessor-version":[{"id":1005,"href":"https:\/\/lorocar.com\/es\/wp-json\/wp\/v2\/pages\/836\/revisions\/1005"}],"wp:attachment":[{"href":"https:\/\/lorocar.com\/es\/wp-json\/wp\/v2\/media?parent=836"}],"curies":[{"name":"wp","href":"https:\/\/api.w.org\/{rel}","templated":true}]}}