{"id":844,"date":"2019-10-30T04:15:49","date_gmt":"2019-10-30T03:15:49","guid":{"rendered":"https:\/\/lorocar.com\/sobre-nosotros\/"},"modified":"2024-04-18T14:19:33","modified_gmt":"2024-04-18T12:19:33","slug":"sobre-nosotros","status":"publish","type":"page","link":"https:\/\/lorocar.com\/es\/sobre-nosotros\/","title":{"rendered":"Sobre nosotros"},"content":{"rendered":"<div class=\"wpb-content-wrapper\"><p>[vc_row full_width=&#8221;stretch_row_content&#8221; css=&#8221;.vc_custom_1712515657927{background-color: #ffffff !important;}&#8221;][vc_column][vc_empty_space height=&#8221;20px&#8221;][\/vc_column][\/vc_row][vc_row full_width=&#8221;stretch_row&#8221; equal_height=&#8221;yes&#8221; css=&#8221;.vc_custom_1712515645924{background-color: #ffffff !important;}&#8221;][vc_column width=&#8221;1\/2&#8243; css=&#8221;.vc_custom_1484197311087{padding-top: 51px !important;padding-bottom: 77px !important;}&#8221;][vc_custom_heading text=&#8221;LOROCAR &#8211; AGENCIA DE ALQUILER DE COCHES<br \/>\nALQUILER DE COCHES EN LAAYOUNE&#8221; font_container=&#8221;tag:h3|font_size:30px|text_align:left|color:%230e56ab|line_height:30px&#8221; use_theme_fonts=&#8221;yes&#8221; css_animation=&#8221;bounceInLeft&#8221; css=&#8221;.vc_custom_1712579802507{margin-bottom: 38px !important;}&#8221; link=&#8221;url:https%3A%2F%2Florocar.com%2Flocation-voiture-laayoune%2F&#8221;][vc_column_text css_animation=&#8221;bounceInLeft&#8221; css=&#8221;.vc_custom_1713442598475{margin-bottom: 31px !important;}&#8221;]<a href=\"https:\/\/lorocar.com\/es\/\">alquiler LORO CAR<\/a> l\u00edder de la <a href=\"https:\/\/lorocar.com\/es\/alquiler-de-coches-laayoune\/\"><strong>alquiler de coches en laayoune <\/strong><\/a>marruecos y el aeropuerto de laayoune, ofrece sus servicios en laayoune y agadir: opta por la <a href=\"https:\/\/lorocar.com\/explore-vehicles\/\">m\u00e1s amplia gama<\/a> de <a href=\"https:\/\/lorocar.com\/explore-vehicles\/\">coches<\/a> y veh\u00edculos comerciales de alquiler. Veh\u00edculos econ\u00f3micos, de prestigio, 4&#215;4, di\u00e9sel o gasolina, <a href=\"https:\/\/lorocar.com\/es\/\">LORO<\/a> CAR tiene la respuesta a tus necesidades. De este modo, podr\u00e1s beneficiarte plenamente de un servicio de calidad vivas donde vivas en Marruecos.<\/p>\n<p>alquiler de coches <a href=\"https:\/\/lorocar.com\/es\/sobre-nosotros\/\">STE LORO CAR <\/a><a href=\"https:\/\/lorocar.com\/es\/alquiler-de-coches-laayoune\/\"><strong>alquiler de coches en laayoune <\/strong><\/a>con una flota de coches recientes y en constante evoluci\u00f3n, nuestra agencia de <strong><br \/>\n<a href=\"https:\/\/lorocar.com\/es\/alquiler-de-coches-en-laayoune\/\">alquiler de coches en laayoune <\/a><\/strong>te ofrece exclusivamente coches nuevos con poco kilometraje. Todos los veh\u00edculos est\u00e1n limpios, bien mantenidos y en un estado impecable. Nuestra agencia <strong><a href=\"https:\/\/lorocar.com\/es\/alquiler-de-coches-en-laayoune\/\">alquiler de coches en laayoune<\/a><br \/>\n<\/strong> tiene una pol\u00edtica de precios que te ofrece las tarifas de alquiler m\u00e1s competitivas y flexibles del mercado, as\u00ed como los <a href=\"https:\/\/lorocar.com\/explore-vehicles\/\">veh\u00edculos m\u00e1s modernos<\/a>, especialmente para alquileres de larga duraci\u00f3n.[\/vc_column_text][\/vc_column][vc_column width=&#8221;1\/2&#8243; css=&#8221;.vc_custom_1485501922470{background-image: url(https:\/\/jetsahara.com\/wp-content\/uploads\/2017\/01\/placeholder-2.gif?id=70) !important;}&#8221; el_class=&#8221;stm-stretch-image-right&#8221;][vc_single_image image=&#8221;531&#8243; img_size=&#8221;full&#8221; alignment=&#8221;center&#8221; css_animation=&#8221;bounceInRight&#8221;][\/vc_column][\/vc_row][vc_row full_width=&#8221;stretch_row_content&#8221; css=&#8221;.vc_custom_1712513566391{background-color: #ffffff !important;}&#8221;][vc_column][vc_empty_space height=&#8221;20px&#8221;][\/vc_column][\/vc_row][vc_row full_width=&#8221;stretch_row&#8221; equal_height=&#8221;yes&#8221; css=&#8221;.vc_custom_1614541621388{background-color: #273f44 !important;}&#8221;][vc_column width=&#8221;1\/2&#8243; css=&#8221;.vc_custom_1484197311087{padding-top: 51px !important;padding-bottom: 77px !important;}&#8221;][vc_custom_heading text=&#8221;LOROCAR &#8211; AGENCIA DE ALQUILER DE COCHES<br \/>\nALQUILER DE COCHES EN LAAYOUNE&#8221; font_container=&#8221;tag:h3|font_size:30px|text_align:left|color:%23ffffff|line_height:30px&#8221; use_theme_fonts=&#8221;yes&#8221; css_animation=&#8221;bounceInLeft&#8221; css=&#8221;.vc_custom_1712579817240{margin-bottom: 38px !important;}&#8221; link=&#8221;url:https%3A%2F%2Florocar.com%2Flocation-voiture-laayoune%2F&#8221;][vc_column_text css_animation=&#8221;bounceInLeft&#8221; css=&#8221;.vc_custom_1713442644339{margin-bottom: 31px !important;}&#8221;]<\/p>\n<p style=\"text-align: left;\"><span style=\"color: #ffffff; font-size: 14px; line-height: 24px; letter-spacing: 0.5px;\">Alquiler de coches LORO CAR <a href=\"https:\/\/lorocar.com\/es\/alquiler-de-coches-laayoune\/\"><strong><span style=\"color: #ffffff;\">alquiler de coches en laayoune <\/span><\/strong><\/a>pone la satisfacci\u00f3n del cliente en el centro de sus preocupaciones. Nuestro principal objetivo no es s\u00f3lo que tengas un coche de alquiler, sino que est\u00e9s contento y satisfecho con el servicio que recibes. <a href=\"https:\/\/lorocar.com\/es\/sobre-nosotros\/\"><br \/>\n<span style=\"color: #ffffff;\">LORO CAR <\/span><\/a>te ha proporcionado. Nuestra prioridad es cumplir nuestros compromisos con los clientes, antes, durante y despu\u00e9s de tu alquiler de coche.<\/span><\/p>\n<p>[\/vc_column_text][stm_icon_button box_bg_color=&#8221;#1e81f6&#8243; box_text_color=&#8221;#273f44&#8243; link=&#8221;url:https%3A%2F%2Florocar.com%2Fexplore-vehicles%2F|title:RESERVAR&#8221;][\/vc_column][vc_column width=&#8221;1\/2&#8243; css=&#8221;.vc_custom_1485501922470{background-image: url(https:\/\/jetsahara.com\/wp-content\/uploads\/2017\/01\/placeholder-2.gif?id=70) !important;}&#8221; el_class=&#8221;stm-stretch-image-right&#8221;][vc_single_image image=&#8221;436&#8243; img_size=&#8221;full&#8221; alignment=&#8221;center&#8221; css_animation=&#8221;bounceInRight&#8221;][\/vc_column][\/vc_row][vc_row full_width=&#8221;stretch_row_content&#8221; css=&#8221;.vc_custom_1712513566391{background-color: #ffffff !important;}&#8221;][vc_column][vc_empty_space height=&#8221;20px&#8221;][\/vc_column][\/vc_row][vc_row full_width=&#8221;stretch_row&#8221; css=&#8221;.vc_custom_1712498632835{background-color: #ffffff !important;}&#8221;][vc_column width=&#8221;1\/3&#8243; css=&#8221;.vc_custom_1712512352476{background-color: #ffffff !important;}&#8221;][vc_icon icon_fontawesome=&#8221;fab fa-cc-visa&#8221; color=&#8221;white&#8221; background_style=&#8221;rounded&#8221; background_color=&#8221;custom&#8221; align=&#8221;center&#8221; css_animation=&#8221;bounceInDown&#8221; custom_background_color=&#8221;#0e56ab&#8221;][vc_column_text css_animation=&#8221;bounceInUp&#8221;]<\/p>\n<h3 style=\"text-align: center;\">PAGO<\/h3>\n<p style=\"text-align: center;\">Nuestros precios incluyen kilometraje ilimitado, lubricantes y mantenimiento del veh\u00edculo, as\u00ed como la entrega y recogida del mismo.<\/p>\n<p>[\/vc_column_text][vc_empty_space height=&#8221;20px&#8221;][\/vc_column][vc_column width=&#8221;1\/3&#8243;][vc_icon icon_fontawesome=&#8221;fas fa-tags&#8221; color=&#8221;white&#8221; background_style=&#8221;rounded&#8221; background_color=&#8221;custom&#8221; align=&#8221;center&#8221; css_animation=&#8221;bounceInDown&#8221; custom_background_color=&#8221;#0e56ab&#8221;][vc_column_text css_animation=&#8221;bounceInUp&#8221;]<\/p>\n<h3 style=\"text-align: center;\">TARIFAS COMPETITIVAS<\/h3>\n<p style=\"text-align: center;\">Con Lorocar<a href=\"https:\/\/lorocar.com\/es\/alquiler-de-coches-en-laayoune\/\"><strong> alquiler de coches laayoune <\/strong><\/a>benef\u00edciate de nuestras excelentes tarifas, para el alquiler de veh\u00edculos personales o de negocios, y de una calidad de servicio inigualable.<\/p>\n<p>[\/vc_column_text][vc_empty_space height=&#8221;20px&#8221;][\/vc_column][vc_column width=&#8221;1\/3&#8243;][vc_icon icon_fontawesome=&#8221;stm-service-icon-listing_car_plus&#8221; color=&#8221;white&#8221; background_style=&#8221;rounded&#8221; background_color=&#8221;custom&#8221; align=&#8221;center&#8221; css_animation=&#8221;bounceInDown&#8221; custom_background_color=&#8221;#0e56ab&#8221;][vc_column_text css_animation=&#8221;bounceInUp&#8221;]<\/p>\n<h3 style=\"text-align: center;\">ALQUILER CON CH\u00d3FER<\/h3>\n<p style=\"text-align: center;\">Alquiler con conductor<a href=\"https:\/\/lorocar.com\/es\/sobre-nosotros\/\"><strong> LOROCAR <\/strong><\/a><a href=\"https:\/\/lorocar.com\/es\/alquiler-de-coches-en-laayoune\/\"><strong>alquiler de coches laayoune <\/strong><\/a>este servicio se presta bajo petici\u00f3n, <a href=\"https:\/\/lorocar.com\/es\/contacta-con-nosotros\/\">llama o env\u00eda un correo electr\u00f3nico<\/a> para obtener un presupuesto personalizado.<\/p>\n<p>[\/vc_column_text][vc_empty_space height=&#8221;20px&#8221;][\/vc_column][\/vc_row][vc_row full_width=&#8221;stretch_row&#8221; css=&#8221;.vc_custom_1712497510029{background-color: #1e81f6 !important;}&#8221;][vc_column width=&#8221;1\/3&#8243;][vc_empty_space height=&#8221;30px&#8221;][vc_icon icon_fontawesome=&#8221;fas fa-users-cog&#8221; color=&#8221;white&#8221; size=&#8221;xl&#8221; align=&#8221;center&#8221; css_animation=&#8221;bounceInLeft&#8221;][vc_column_text css_animation=&#8221;bounceInLeft&#8221; css=&#8221;.vc_custom_1712571823770{margin-bottom: 31px !important;}&#8221;]<\/p>\n<p style=\"text-align: center;\"><strong><span style=\"color: #ffffff; font-size: 18px; line-height: 24px; letter-spacing: 0.5px;\">GRAN EQUIPO<\/span><\/strong><\/p>\n<p>[\/vc_column_text][\/vc_column][vc_column width=&#8221;1\/3&#8243;][vc_empty_space height=&#8221;30px&#8221;][vc_icon icon_fontawesome=&#8221;fas fa-comment&#8221; color=&#8221;white&#8221; size=&#8221;xl&#8221; align=&#8221;center&#8221; css_animation=&#8221;bounceInUp&#8221;][vc_column_text css_animation=&#8221;bounceInUp&#8221; css=&#8221;.vc_custom_1712571901739{margin-bottom: 31px !important;}&#8221;]<\/p>\n<p style=\"text-align: center;\"><strong><span style=\"color: #ffffff; font-size: 18px; line-height: 24px; letter-spacing: 0.5px;\">MEJOR ASESOR<\/span><\/strong><\/p>\n<p>[\/vc_column_text][\/vc_column][vc_column width=&#8221;1\/3&#8243;][vc_empty_space height=&#8221;30px&#8221;][vc_icon icon_fontawesome=&#8221;fas fa-headphones-alt&#8221; color=&#8221;white&#8221; size=&#8221;xl&#8221; align=&#8221;center&#8221; css_animation=&#8221;bounceInRight&#8221;][vc_column_text css_animation=&#8221;bounceInRight&#8221; css=&#8221;.vc_custom_1712571874649{margin-bottom: 31px !important;}&#8221;]<\/p>\n<p style=\"text-align: center;\"><strong><span style=\"color: #ffffff; font-size: 18px; line-height: 24px; letter-spacing: 0.5px;\">ASISTENCIA 24\/7<\/span><\/strong><\/p>\n<p>[\/vc_column_text][\/vc_column][\/vc_row][vc_row full_width=&#8221;stretch_row_content_no_spaces&#8221; css=&#8221;.vc_custom_1712500062492{background-color: #ffffff !important;}&#8221;][vc_column][vc_gmaps link=&#8221;#E-8_JTNDaWZyYW1lJTIwc3JjJTNEJTIyaHR0cHMlM0ElMkYlMkZ3d3cuZ29vZ2xlLmNvbSUyRm1hcHMlMkZlbWJlZCUzRnBiJTNEJTIxMW0xNCUyMTFtOCUyMTFtMyUyMTFkMTQyMDAuNjAyOTkxNDE0MTYlMjEyZC0xMy4yMDAyODMyJTIxM2QyNy4xNTE1NDY4JTIxM20yJTIxMWkxMDI0JTIxMmk3NjglMjE0ZjEzLjElMjEzbTMlMjExbTIlMjExczB4YzM3NzMxYzhjZTY2MzMzJTI1M0EweDM3NTFiZjU1YWJiYjBiZWQlMjEyc0xPUk8lMjUyMENBUiUyNTIwTG9jYXRpb24lMjUyMGRlJTI1MjB2b2l0dXJlJTI1MjBsYWF5b3VuZSUyMTVlMCUyMTNtMiUyMTFzZnIlMjEycyUyMTR2MTcxMjQ5NzQwNTA2MSUyMTVtMiUyMTFzZnIlMjEycyUyMiUyMHdpZHRoJTNEJTIyNjAwJTIyJTIwaGVpZ2h0JTNEJTIyNDUwJTIyJTIwc3R5bGUlM0QlMjJib3JkZXIlM0EwJTNCJTIyJTIwYWxsb3dmdWxsc2NyZWVuJTNEJTIyJTIyJTIwbG9hZGluZyUzRCUyMmxhenklMjIlMjByZWZlcnJlcnBvbGljeSUzRCUyMm5vLXJlZmVycmVyLXdoZW4tZG93bmdyYWRlJTIyJTNFJTNDJTJGaWZyYW1lJTNF&#8221;][\/vc_column][\/vc_row]<\/p>\n<\/div>","protected":false},"excerpt":{"rendered":"<p>[vc_row full_width=&#8221;stretch_row_content&#8221; css=&#8221;.vc_custom_1712515657927{background-color: #ffffff !important;}&#8221;][vc_column][vc_empty_space height=&#8221;20px&#8221;][\/vc_column][\/vc_row][vc_row full_width=&#8221;stretch_row&#8221; equal_height=&#8221;yes&#8221; css=&#8221;.vc_custom_1712515645924{background-color: #ffffff !important;}&#8221;][vc_column width=&#8221;1\/2&#8243; css=&#8221;.vc_custom_1484197311087{padding-top: 51px !important;padding-bottom: 77px !important;}&#8221;][vc_custom_heading text=&#8221;LOROCAR &#8211; AGENCIA DE ALQUILER DE COCHES ALQUILER DE COCHES EN LAAYOUNE&#8221; font_container=&#8221;tag:h3|font_size:30px|text_align:left|color:%230e56ab|line_height:30px&#8221; use_theme_fonts=&#8221;yes&#8221; css_animation=&#8221;bounceInLeft&#8221; css=&#8221;.vc_custom_1712579802507{margin-bottom: 38px !important;}&#8221; link=&#8221;url:https%3A%2F%2Florocar.com%2Flocation-voiture-laayoune%2F&#8221;][vc_column_text css_animation=&#8221;bounceInLeft&#8221; css=&#8221;.vc_custom_1713442598475{margin-bottom: 31px !important;}&#8221;]alquiler LORO CAR l\u00edder de la alquiler de coches en laayoune marruecos y el aeropuerto de&#8230;<\/p>\n","protected":false},"author":1,"featured_media":0,"parent":0,"menu_order":0,"comment_status":"closed","ping_status":"closed","template":"","meta":{"footnotes":""},"class_list":["post-844","page","type-page","status-publish","hentry"],"_links":{"self":[{"href":"https:\/\/lorocar.com\/es\/wp-json\/wp\/v2\/pages\/844","targetHints":{"allow":["GET"]}}],"collection":[{"href":"https:\/\/lorocar.com\/es\/wp-json\/wp\/v2\/pages"}],"about":[{"href":"https:\/\/lorocar.com\/es\/wp-json\/wp\/v2\/types\/page"}],"author":[{"embeddable":true,"href":"https:\/\/lorocar.com\/es\/wp-json\/wp\/v2\/users\/1"}],"replies":[{"embeddable":true,"href":"https:\/\/lorocar.com\/es\/wp-json\/wp\/v2\/comments?post=844"}],"version-history":[{"count":3,"href":"https:\/\/lorocar.com\/es\/wp-json\/wp\/v2\/pages\/844\/revisions"}],"predecessor-version":[{"id":903,"href":"https:\/\/lorocar.com\/es\/wp-json\/wp\/v2\/pages\/844\/revisions\/903"}],"wp:attachment":[{"href":"https:\/\/lorocar.com\/es\/wp-json\/wp\/v2\/media?parent=844"}],"curies":[{"name":"wp","href":"https:\/\/api.w.org\/{rel}","templated":true}]}}