{"id":849,"date":"2019-11-20T07:02:40","date_gmt":"2019-11-20T06:02:40","guid":{"rendered":"https:\/\/lorocar.com\/condiciones-de-alquiler\/"},"modified":"2024-04-18T13:39:26","modified_gmt":"2024-04-18T11:39:26","slug":"condiciones-de-alquiler","status":"publish","type":"page","link":"https:\/\/lorocar.com\/es\/condiciones-de-alquiler\/","title":{"rendered":"Condiciones de alquiler"},"content":{"rendered":"<div class=\"wpb-content-wrapper\"><p>[vc_row full_width=&#8221;stretch_row_content&#8221; css=&#8221;.vc_custom_1712578100047{background-color: #ffffff !important;}&#8221;][vc_column][vc_custom_heading text=&#8221;CONDICIONES DE ALQUILER&#8221; font_container=&#8221;tag:h3|font_size:30px|text_align:center|color:%231e81f6|line_height:30px&#8221; use_theme_fonts=&#8221;yes&#8221; css_animation=&#8221;bounceInDown&#8221; css=&#8221;.vc_custom_1712667450398{margin-top: 10px !important;margin-bottom: 20px !important;}&#8221; link=&#8221;url:https%3A%2F%2Florocar.com%2Fcondition-de-location%2F&#8221;][\/vc_column][\/vc_row][vc_row full_width=&#8221;stretch_row&#8221; css=&#8221;.vc_custom_1712578116705{background-color: #ffffff !important;}&#8221;][vc_column][vc_column_text css_animation=&#8221;bounceInDown&#8221;]<\/p>\r\n<ul>\r\n<li style=\"text-align: left;\"><strong>Uso del<\/strong> veh\u00edculo El arrendatario es el \u00fanico que debe conducir el veh\u00edculo. <a href=\"https:\/\/lorocar.com\/es\/alquiler-de-coches-en-laayoune\/\"> <strong>veh\u00edculo de alquiler de Laayoune<\/strong> <\/a>que \u00e9l\/ella garantiza y s\u00f3lo debe utilizar para sus necesidades personales. La agencia proh\u00edbe terminantemente al arrendatario participar en cualquier competici\u00f3n y utilizar el veh\u00edculo con fines ilegales o para transportar mercanc\u00edas. El arrendatario debe comprometerse a no solicitar documentos aduaneros. Est\u00e1 prohibido que el arrendatario sobrecargue el veh\u00edculo alquilado transportando m\u00e1s pasajeros de los indicados en el contrato, so pena de anulaci\u00f3n del seguro.<\/li>\r\n<li style=\"text-align: left;\"> <strong>Estado del veh\u00edculo y responsabilidad<\/strong> El veh\u00edculo se entrega en muy buen estado de funcionamiento y limpio, y el arrendatario debe pagar el coste de restaurarlo. Por lo tanto, sigue siendo el \u00fanico responsable de las multas, infracciones y actas que se levanten contra \u00e9l.<\/li>\r\n<li style=\"text-align: left;\"><strong>Seguro<\/strong> del veh\u00edculo <strong> <a href=\"https:\/\/lorocar.com\/es\/\">LOROCAR<\/a> <\/strong> Alquiler de coches en el Aai\u00fan para el <b>alquiler de coches<\/b> est\u00e1n asegurados todos los riesgos, por supuesto, el veh\u00edculo, robo, rotura de hielo, los conductores y pasajeros.<\/li>\r\n<li style=\"text-align: left;\"><strong>Reserva y Entrega <\/strong>Reserva en <a href=\"https:\/\/lorocar.com\/es\/sobre-nosotros\/\">LOROCAR<\/a> <a href=\"https:\/\/lorocar.com\/es\/alquiler-de-coches-laayoune\/\">Alquiler de coches en laayoune<\/a> online y aprovecha nuestras ofertas especiales diarias. <a href=\"https:\/\/lorocar.com\/es\/\">LOROCAR<\/a> garantiza la entrega de <b>veh\u00edculos en el aeropuerto<\/b>, hotel y agencia <a href=\"https:\/\/lorocar.com\/es\/\">LOROCAR<\/a> gratis 24\/7 y 24\/24. Cualquier informaci\u00f3n adicional en relaci\u00f3n con la reserva se comunicar\u00e1 al inquilino despu\u00e9s de la reserva.<\/li>\r\n<\/ul>\r\n<p>[\/vc_column_text][\/vc_column][\/vc_row][vc_row full_width=&#8221;stretch_row_content&#8221; css=&#8221;.vc_custom_1712513566391{background-color: #ffffff !important;}&#8221;][vc_column][vc_empty_space height=&#8221;20px&#8221;][\/vc_column][\/vc_row][vc_row full_width=&#8221;stretch_row&#8221; equal_height=&#8221;yes&#8221; css=&#8221;.vc_custom_1614541621388{background-color: #273f44 !important;}&#8221;][vc_column width=&#8221;1\/2&#8243; css=&#8221;.vc_custom_1484197311087{padding-top: 51px !important;padding-bottom: 77px !important;}&#8221;][vc_custom_heading text=&#8221;LOROCAR &#8211; AGENCIA DE ALQUILER DE COCHES EN LAAYOUNE&#8221; font_container=&#8221;tag:h3|font_size:30px|text_align:left|color:%23ffffff|line_height:30px&#8221; use_theme_fonts=&#8221;yes&#8221; css_animation=&#8221;bounceInLeft&#8221; css=&#8221;.vc_custom_1712579926986{margin-bottom: 38px !important;}&#8221; link=&#8221;url:https%3A%2F%2Florocar.com%2Flocation-de-voiture-laayoune%2F&#8221;][vc_column_text css_animation=&#8221;bounceInLeft&#8221; css=&#8221;.vc_custom_1713440231854{margin-bottom: 31px !important;}&#8221;]<\/p>\r\n<p style=\"text-align: left;\"><span style=\"color: #ffffff; font-size: 14px; line-height: 24px; letter-spacing: 0.5px;\">Alquiler de coches LORO CAR <a href=\"https:\/\/lorocar.com\/es\/alquiler-de-coches-laayoune\/\"> <strong> <span style=\"color: #ffffff;\">alquiler de coches en laayoune<\/span> <\/strong> <\/a> pone la satisfacci\u00f3n del cliente en el centro de sus preocupaciones. Nuestro principal objetivo no es s\u00f3lo que tengas un coche de alquiler, sino que est\u00e9s contento y satisfecho con el servicio que recibes. <a href=\"https:\/\/lorocar.com\/es\/sobre-nosotros\/\"> <span style=\"color: #ffffff;\">LORO CAR<\/span> <\/a> te ha proporcionado. Nuestra prioridad es cumplir nuestros compromisos con los clientes, antes, durante y despu\u00e9s de tu alquiler de coche.<\/span><\/p>\r\n<p>[\/vc_column_text][stm_icon_button box_bg_color=&#8221;#1e81f6&#8243; box_text_color=&#8221;#273f44&#8243; link=&#8221;url:https%3A%2F%2Florocar.com%2Fexplore-vehicles%2F|title:RESERVAR&#8221;][\/vc_column][vc_column width=&#8221;1\/2&#8243; css=&#8221;.vc_custom_1485501922470{background-image: url(https:\/\/jetsahara.com\/wp-content\/uploads\/2017\/01\/placeholder-2.gif?id=70) !important;}&#8221; el_class=&#8221;stm-stretch-image-right&#8221;][vc_single_image image=&#8221;436&#8243; img_size=&#8221;full&#8221; alignment=&#8221;center&#8221; css_animation=&#8221;bounceInRight&#8221;][\/vc_column][\/vc_row][vc_row full_width=&#8221;stretch_row_content&#8221; css=&#8221;.vc_custom_1712513566391{background-color: #ffffff !important;}&#8221;][vc_column][vc_empty_space height=&#8221;20px&#8221;][\/vc_column][\/vc_row][vc_row full_width=&#8221;stretch_row&#8221; css=&#8221;.vc_custom_1712498632835{background-color: #ffffff !important;}&#8221;][vc_column width=&#8221;1\/3&#8243; css=&#8221;.vc_custom_1712512352476{background-color: #ffffff !important;}&#8221;][vc_icon icon_fontawesome=&#8221;fab fa-cc-visa&#8221; color=&#8221;white&#8221; background_style=&#8221;rounded&#8221; background_color=&#8221;custom&#8221; align=&#8221;center&#8221; css_animation=&#8221;bounceInDown&#8221; custom_background_color=&#8221;#0e56ab&#8221;][vc_column_text css_animation=&#8221;bounceInUp&#8221;]<\/p>\r\n<h3 style=\"text-align: center;\">PAGO<\/h3>\r\n<p style=\"text-align: center;\">El pago puede realizarse mediante transferencia Swift o tarjeta de cr\u00e9dito. <strong> <a href=\"https:\/\/lorocar.com\/explore-vehicles\/\">Nuestras tarifas<\/a> <\/strong> incluyen kilometraje ilimitado, lubricantes y mantenimiento del veh\u00edculo, entrega \/ recogida del veh\u00edculo.<\/p>\r\n<p>[\/vc_column_text][vc_empty_space height=&#8221;20px&#8221;][\/vc_column][vc_column width=&#8221;1\/3&#8243;][vc_icon icon_fontawesome=&#8221;fas fa-tags&#8221; color=&#8221;white&#8221; background_style=&#8221;rounded&#8221; background_color=&#8221;custom&#8221; align=&#8221;center&#8221; css_animation=&#8221;bounceInDown&#8221; custom_background_color=&#8221;#0e56ab&#8221;][vc_column_text css_animation=&#8221;bounceInUp&#8221;]<\/p>\r\n<h3 style=\"text-align: center;\">TARIFAS COMPETITIVAS<\/h3>\r\n<p style=\"text-align: center;\">Con Lorocar <a href=\"https:\/\/lorocar.com\/es\/alquiler-de-coches-en-laayoune\/\"> <strong>alquiler de coches laayoune<\/strong> <\/a> benef\u00edciate de nuestras excelentes tarifas, para el alquiler de veh\u00edculos personales o de negocios, y de una calidad de servicio inigualable.<\/p>\r\n<p>[\/vc_column_text][vc_empty_space height=&#8221;20px&#8221;][\/vc_column][vc_column width=&#8221;1\/3&#8243;][vc_icon icon_fontawesome=&#8221;stm-service-icon-listing_car_plus&#8221; color=&#8221;white&#8221; background_style=&#8221;rounded&#8221; background_color=&#8221;custom&#8221; align=&#8221;center&#8221; css_animation=&#8221;bounceInDown&#8221; custom_background_color=&#8221;#0e56ab&#8221;][vc_column_text css_animation=&#8221;bounceInUp&#8221;]<\/p>\r\n<h3 style=\"text-align: center;\">ALQUILER CON CH\u00d3FER<\/h3>\r\n<p style=\"text-align: center;\">Alquiler con conductor <a href=\"https:\/\/lorocar.com\/es\/sobre-nosotros\/\"> <strong>LOROCAR<\/strong> <\/a> <a href=\"https:\/\/lorocar.com\/es\/alquiler-de-coches-en-laayoune\/\"> <strong>alquiler de coches laayoune<\/strong> <\/a> este servicio se presta bajo petici\u00f3n, <a href=\"https:\/\/lorocar.com\/es\/contacta-con-nosotros\/\">llama o env\u00eda un correo electr\u00f3nico<\/a> para obtener un presupuesto personalizado.<\/p>\r\n<p>[\/vc_column_text][vc_empty_space height=&#8221;20px&#8221;][\/vc_column][\/vc_row][vc_row full_width=&#8221;stretch_row&#8221; css=&#8221;.vc_custom_1712497510029{background-color: #1e81f6 !important;}&#8221;][vc_column width=&#8221;1\/3&#8243;][vc_empty_space height=&#8221;30px&#8221;][vc_icon icon_fontawesome=&#8221;fas fa-users-cog&#8221; color=&#8221;white&#8221; size=&#8221;xl&#8221; align=&#8221;center&#8221; css_animation=&#8221;bounceInLeft&#8221;][vc_column_text css_animation=&#8221;bounceInLeft&#8221; css=&#8221;.vc_custom_1712571823770{margin-bottom: 31px !important;}&#8221;]<\/p>\r\n<p style=\"text-align: center;\"><strong><span style=\"color: #ffffff; font-size: 18px; line-height: 24px; letter-spacing: 0.5px;\">GRAN EQUIPO<\/span><\/strong><\/p>\r\n<p>[\/vc_column_text][\/vc_column][vc_column width=&#8221;1\/3&#8243;][vc_empty_space height=&#8221;30px&#8221;][vc_icon icon_fontawesome=&#8221;fas fa-comment&#8221; color=&#8221;white&#8221; size=&#8221;xl&#8221; align=&#8221;center&#8221; css_animation=&#8221;bounceInUp&#8221;][vc_column_text css_animation=&#8221;bounceInUp&#8221; css=&#8221;.vc_custom_1712571901739{margin-bottom: 31px !important;}&#8221;]<\/p>\r\n<p style=\"text-align: center;\"><strong><span style=\"color: #ffffff; font-size: 18px; line-height: 24px; letter-spacing: 0.5px;\">MEJOR ASESOR<\/span><\/strong><\/p>\r\n<p>[\/vc_column_text][\/vc_column][vc_column width=&#8221;1\/3&#8243;][vc_empty_space height=&#8221;30px&#8221;][vc_icon icon_fontawesome=&#8221;fas fa-headphones-alt&#8221; color=&#8221;white&#8221; size=&#8221;xl&#8221; align=&#8221;center&#8221; css_animation=&#8221;bounceInRight&#8221;][vc_column_text css_animation=&#8221;bounceInRight&#8221; css=&#8221;.vc_custom_1712571874649{margin-bottom: 31px !important;}&#8221;]<\/p>\r\n<p style=\"text-align: center;\"><strong><span style=\"color: #ffffff; font-size: 18px; line-height: 24px; letter-spacing: 0.5px;\">ASISTENCIA 24\/7<\/span><\/strong><\/p>\r\n<p>[\/vc_column_text][\/vc_column][\/vc_row][vc_row full_width=&#8221;stretch_row_content_no_spaces&#8221; css=&#8221;.vc_custom_1712500062492{background-color: #ffffff !important;}&#8221;][vc_column][vc_gmaps link=&#8221;#E-8_JTNDaWZyYW1lJTIwc3JjJTNEJTIyaHR0cHMlM0ElMkYlMkZ3d3cuZ29vZ2xlLmNvbSUyRm1hcHMlMkZlbWJlZCUzRnBiJTNEJTIxMW0xNCUyMTFtOCUyMTFtMyUyMTFkMTQyMDAuNjAyOTkxNDE0MTYlMjEyZC0xMy4yMDAyODMyJTIxM2QyNy4xNTE1NDY4JTIxM20yJTIxMWkxMDI0JTIxMmk3NjglMjE0ZjEzLjElMjEzbTMlMjExbTIlMjExczB4YzM3NzMxYzhjZTY2MzMzJTI1M0EweDM3NTFiZjU1YWJiYjBiZWQlMjEyc0xPUk8lMjUyMENBUiUyNTIwTG9jYXRpb24lMjUyMGRlJTI1MjB2b2l0dXJlJTI1MjBsYWF5b3VuZSUyMTVlMCUyMTNtMiUyMTFzZnIlMjEycyUyMTR2MTcxMjQ5NzQwNTA2MSUyMTVtMiUyMTFzZnIlMjEycyUyMiUyMHdpZHRoJTNEJTIyNjAwJTIyJTIwaGVpZ2h0JTNEJTIyNDUwJTIyJTIwc3R5bGUlM0QlMjJib3JkZXIlM0EwJTNCJTIyJTIwYWxsb3dmdWxsc2NyZWVuJTNEJTIyJTIyJTIwbG9hZGluZyUzRCUyMmxhenklMjIlMjByZWZlcnJlcnBvbGljeSUzRCUyMm5vLXJlZmVycmVyLXdoZW4tZG93bmdyYWRlJTIyJTNFJTNDJTJGaWZyYW1lJTNF&#8221;][\/vc_column][\/vc_row]<\/p><\/div>","protected":false},"excerpt":{"rendered":"<p>[vc_row full_width=&#8221;stretch_row_content&#8221; css=&#8221;.vc_custom_1712578100047{background-color: #ffffff !important;}&#8221;][vc_column][vc_custom_heading text=&#8221;CONDICIONES DE ALQUILER&#8221; font_container=&#8221;tag:h3|font_size:30px|text_align:center|color:%231e81f6|line_height:30px&#8221; use_theme_fonts=&#8221;yes&#8221; css_animation=&#8221;bounceInDown&#8221; css=&#8221;.vc_custom_1712667450398{margin-top: 10px !important;margin-bottom: 20px !important;}&#8221; link=&#8221;url:https%3A%2F%2Florocar.com%2Fcondition-de-location%2F&#8221;][\/vc_column][\/vc_row][vc_row full_width=&#8221;stretch_row&#8221; css=&#8221;.vc_custom_1712578116705{background-color: #ffffff !important;}&#8221;][vc_column][vc_column_text css_animation=&#8221;bounceInDown&#8221;] Uso del veh\u00edculo El arrendatario es el \u00fanico que debe conducir el veh\u00edculo. veh\u00edculo de alquiler de Laayoune que \u00e9l\/ella garantiza y s\u00f3lo debe utilizar para sus necesidades personales. La agencia proh\u00edbe terminantemente&#8230;<\/p>\n","protected":false},"author":1,"featured_media":0,"parent":0,"menu_order":0,"comment_status":"closed","ping_status":"open","template":"","meta":{"footnotes":""},"class_list":["post-849","page","type-page","status-publish","hentry"],"_links":{"self":[{"href":"https:\/\/lorocar.com\/es\/wp-json\/wp\/v2\/pages\/849","targetHints":{"allow":["GET"]}}],"collection":[{"href":"https:\/\/lorocar.com\/es\/wp-json\/wp\/v2\/pages"}],"about":[{"href":"https:\/\/lorocar.com\/es\/wp-json\/wp\/v2\/types\/page"}],"author":[{"embeddable":true,"href":"https:\/\/lorocar.com\/es\/wp-json\/wp\/v2\/users\/1"}],"replies":[{"embeddable":true,"href":"https:\/\/lorocar.com\/es\/wp-json\/wp\/v2\/comments?post=849"}],"version-history":[{"count":3,"href":"https:\/\/lorocar.com\/es\/wp-json\/wp\/v2\/pages\/849\/revisions"}],"predecessor-version":[{"id":894,"href":"https:\/\/lorocar.com\/es\/wp-json\/wp\/v2\/pages\/849\/revisions\/894"}],"wp:attachment":[{"href":"https:\/\/lorocar.com\/es\/wp-json\/wp\/v2\/media?parent=849"}],"curies":[{"name":"wp","href":"https:\/\/api.w.org\/{rel}","templated":true}]}}