{"id":856,"date":"2024-04-06T15:53:48","date_gmt":"2024-04-06T13:53:48","guid":{"rendered":"https:\/\/lorocar.com\/nuestros-servicios\/"},"modified":"2024-04-18T14:07:47","modified_gmt":"2024-04-18T12:07:47","slug":"nuestros-servicios","status":"publish","type":"page","link":"https:\/\/lorocar.com\/es\/nuestros-servicios\/","title":{"rendered":"Nuestros servicios"},"content":{"rendered":"<div class=\"wpb-content-wrapper\"><p>[vc_row full_width=&#8221;stretch_row_content&#8221; css=&#8221;.vc_custom_1712515657927{background-color: #ffffff !important;}&#8221;][vc_column][vc_empty_space height=&#8221;20px&#8221;][\/vc_column][\/vc_row][vc_row full_width=&#8221;stretch_row_content&#8221; css_animation=&#8221;bounceInDown&#8221; css=&#8221;.vc_custom_1712664357363{background-color: #ffffff !important;}&#8221;][vc_column][vc_custom_heading text=&#8221;NUESTROS SERVICIOS&#8221; font_container=&#8221;tag:h3|font_size:30px|text_align:center|color:%231e81f6|line_height:30px&#8221; use_theme_fonts=&#8221;yes&#8221; css=&#8221;.vc_custom_1712580495632{margin-top: 10px !important;margin-bottom: 20px !important;}&#8221; link=&#8221;url:https%3A%2F%2Florocar.com%2Fnos-services%2F&#8221;][vc_column_text]<\/p>\n<p style=\"text-align: center;\"><span style=\"color: #9a9a9a; font-size: 22px;\">LOROCAR &#8211; ALQUILER DE COCHES LAAYOUNE<br \/>\nPOR QU\u00c9 ELEGIRNOS<\/span><\/p>\n<p>[\/vc_column_text][\/vc_column][\/vc_row][vc_row full_width=&#8221;stretch_row&#8221; css=&#8221;.vc_custom_1712499946607{background-color: #ffffff !important;}&#8221;][vc_column css_animation=&#8221;bounceInLeft&#8221; width=&#8221;1\/3&#8243;][vc_empty_space height=&#8221;20px&#8221;][vc_icon icon_fontawesome=&#8221;fas fa-briefcase&#8221; color=&#8221;white&#8221; background_style=&#8221;rounded&#8221; background_color=&#8221;custom&#8221; align=&#8221;center&#8221; custom_background_color=&#8221;#0e56ab&#8221;][vc_column_text]<\/p>\n<h3 style=\"text-align: center;\">Seguros<\/h3>\n<p style=\"text-align: center;\"><a href=\"https:\/\/lorocar.com\/explore-vehicles\/\">Los veh\u00edculos<\/a> est\u00e1n asegurados a todo riesgo. Sin embargo, para cualquier da\u00f1o que no sea robo del veh\u00edculo, incendio, responsabilidad civil y personas transportadas<\/p>\n<p>[\/vc_column_text][vc_empty_space height=&#8221;20px&#8221;][\/vc_column][vc_column css_animation=&#8221;bounceInDown&#8221; width=&#8221;1\/3&#8243;][vc_empty_space height=&#8221;20px&#8221;][vc_icon icon_fontawesome=&#8221;fas fa-headset&#8221; color=&#8221;white&#8221; background_style=&#8221;rounded&#8221; background_color=&#8221;custom&#8221; align=&#8221;center&#8221; custom_background_color=&#8221;#0e56ab&#8221;][vc_column_text]<\/p>\n<h3 style=\"text-align: center;\">Asistencia<\/h3>\n<p style=\"text-align: center;\">Estaremos all\u00ed en menos de una hora para ayudarte con cualquier aver\u00eda. Con <a href=\"https:\/\/lorocar.com\/\">Loro Car<\/a>, alquilar un coche en Marruecos no supone ning\u00fan riesgo.<\/p>\n<p>[\/vc_column_text][vc_empty_space height=&#8221;20px&#8221;][\/vc_column][vc_column css_animation=&#8221;bounceInRight&#8221; width=&#8221;1\/3&#8243;][vc_empty_space height=&#8221;20px&#8221;][vc_icon icon_fontawesome=&#8221;stm-icon-add_car&#8221; color=&#8221;white&#8221; background_style=&#8221;rounded&#8221; background_color=&#8221;custom&#8221; align=&#8221;center&#8221; custom_background_color=&#8221;#0e56ab&#8221;][vc_column_text]<\/p>\n<h3 style=\"text-align: center;\">Opci\u00f3n combustible<\/h3>\n<p style=\"text-align: center;\">Devuelve tu coche de alquiler con o sin gasolina, como prefieras. Sea cual sea tu organizaci\u00f3n, podemos adaptarnos.<\/p>\n<p>[\/vc_column_text][vc_empty_space height=&#8221;20px&#8221;][\/vc_column][\/vc_row][vc_row full_width=&#8221;stretch_row&#8221; css=&#8221;.vc_custom_1712498632835{background-color: #ffffff !important;}&#8221;][vc_column css_animation=&#8221;bounceInLeft&#8221; width=&#8221;1\/3&#8243;][vc_icon icon_fontawesome=&#8221;fas fa-user-alt&#8221; color=&#8221;white&#8221; background_style=&#8221;rounded&#8221; background_color=&#8221;custom&#8221; align=&#8221;center&#8221; custom_background_color=&#8221;#0e56ab&#8221;][vc_column_text]<\/p>\n<h3 style=\"text-align: center;\">Alquiler con conductor<\/h3>\n<p style=\"text-align: center;\"><a href=\"https:\/\/lorocar.com\/nos-services\/\">Este servicio<\/a> se presta a petici\u00f3n, <a href=\"https:\/\/lorocar.com\/contactez-nous\/\">llama o env\u00eda un correo electr\u00f3nico<\/a> para obtener un presupuesto personalizado.<\/p>\n<p>[\/vc_column_text][vc_empty_space height=&#8221;20px&#8221;][\/vc_column][vc_column css_animation=&#8221;bounceInUp&#8221; width=&#8221;1\/3&#8243;][vc_icon icon_fontawesome=&#8221;fas fa-mobile-alt&#8221; color=&#8221;white&#8221; background_style=&#8221;rounded&#8221; background_color=&#8221;custom&#8221; align=&#8221;center&#8221; custom_background_color=&#8221;#0e56ab&#8221;][vc_column_text]<\/p>\n<h3 style=\"text-align: center;\">Reserva<\/h3>\n<p style=\"text-align: center;\"><a href=\"https:\/\/lorocar.com\/explore-vehicles\/\">Para reservar<\/a> un veh\u00edculo con <a href=\"https:\/\/lorocar.com\/\">Ste Loro Car<\/a> <a href=\"https:\/\/lorocar.com\/location-de-voiture-laayoune\/\">alquiler de coches laayoune<\/a>, puedes hacerlo online o <a href=\"https:\/\/lorocar.com\/contactez-nous\/\">poni\u00e9ndote en contacto con la agencia en La\u00e2youne<\/a>.<\/p>\n<p>[\/vc_column_text][vc_empty_space height=&#8221;20px&#8221;][\/vc_column][vc_column css_animation=&#8221;bounceInRight&#8221; width=&#8221;1\/3&#8243;][vc_icon icon_fontawesome=&#8221;stm-service-icon-listing_car_plus&#8221; color=&#8221;white&#8221; background_style=&#8221;rounded&#8221; background_color=&#8221;custom&#8221; align=&#8221;center&#8221; custom_background_color=&#8221;#0e56ab&#8221;][vc_column_text]<\/p>\n<h3 style=\"text-align: center;\">Alquiler a largo plazo<\/h3>\n<p style=\"text-align: center;\">A petici\u00f3n, tarifas muy atractivas para alquileres de m\u00e1s de un mes. Las tarifas diarias se calculan sobre la base de 24 horas. Las tarifas semanales se calculan sobre la base de 7 d\u00edas consecutivos.<\/p>\n<p>[\/vc_column_text][vc_empty_space height=&#8221;20px&#8221;][\/vc_column][\/vc_row][vc_row full_width=&#8221;stretch_row_content&#8221; css=&#8221;.vc_custom_1712513566391{background-color: #ffffff !important;}&#8221;][vc_column][vc_empty_space height=&#8221;20px&#8221;][\/vc_column][\/vc_row][vc_row full_width=&#8221;stretch_row&#8221; equal_height=&#8221;yes&#8221; css=&#8221;.vc_custom_1614541621388{background-color: #273f44 !important;}&#8221;][vc_column width=&#8221;1\/2&#8243; css=&#8221;.vc_custom_1484197311087{padding-top: 51px !important;padding-bottom: 77px !important;}&#8221;][vc_custom_heading text=&#8221;LOROCAR &#8211; AGENCIA DE ALQUILER DE COCHES EN LAAYOUNE&#8221; font_container=&#8221;tag:h3|font_size:30px|text_align:left|color:%23ffffff|line_height:30px&#8221; use_theme_fonts=&#8221;yes&#8221; css_animation=&#8221;bounceInDown&#8221; css=&#8221;.vc_custom_1712664479805{margin-bottom: 38px !important;}&#8221; link=&#8221;url:https%3A%2F%2Florocar.com%2Flocation-de-voiture-laayoune%2F&#8221;][vc_column_text css_animation=&#8221;bounceInLeft&#8221; css=&#8221;.vc_custom_1713441976364{margin-bottom: 31px !important;}&#8221;]<\/p>\n<p style=\"text-align: left;\"><span style=\"color: #ffffff; font-size: 14px; line-height: 24px; letter-spacing: 0.5px;\"><a href=\"https:\/\/lorocar.com\"><span style=\"color: #ffffff;\">LORO CAR <\/span><\/a>pone la satisfacci\u00f3n del cliente en el centro de sus preocupaciones. Nuestro principal objetivo no es s\u00f3lo que tengas un coche de alquiler, sino que est\u00e9s contento y satisfecho con el servicio que recibes. <a href=\"https:\/\/lorocar.com\"><br \/>\n<span style=\"color: #ffffff;\">LORO CAR <\/span><\/a>te ha proporcionado. Nuestra prioridad es cumplir nuestros compromisos con los clientes, antes, durante y despu\u00e9s de tu alquiler de coche.<\/span><\/p>\n<p>[\/vc_column_text][stm_icon_button box_bg_color=&#8221;#1e81f6&#8243; box_text_color=&#8221;#273f44&#8243; link=&#8221;url:https%3A%2F%2Florocar.com%2Fexplore-vehicles%2F|title:RESERVAR&#8221;][\/vc_column][vc_column width=&#8221;1\/2&#8243; css=&#8221;.vc_custom_1485501922470{background-image: url(https:\/\/jetsahara.com\/wp-content\/uploads\/2017\/01\/placeholder-2.gif?id=70) !important;}&#8221; el_class=&#8221;stm-stretch-image-right&#8221;][vc_single_image image=&#8221;436&#8243; img_size=&#8221;full&#8221; alignment=&#8221;center&#8221; css_animation=&#8221;bounceInRight&#8221;][\/vc_column][\/vc_row][vc_row full_width=&#8221;stretch_row_content&#8221; css=&#8221;.vc_custom_1712513566391{background-color: #ffffff !important;}&#8221;][vc_column][vc_empty_space height=&#8221;20px&#8221;][\/vc_column][\/vc_row][vc_row full_width=&#8221;stretch_row&#8221; css=&#8221;.vc_custom_1712498632835{background-color: #ffffff !important;}&#8221;][vc_column css_animation=&#8221;bounceInLeft&#8221; width=&#8221;1\/3&#8243; css=&#8221;.vc_custom_1712664544933{background-color: #ffffff !important;}&#8221;][vc_icon icon_fontawesome=&#8221;fab fa-cc-visa&#8221; color=&#8221;white&#8221; background_style=&#8221;rounded&#8221; background_color=&#8221;custom&#8221; align=&#8221;center&#8221; custom_background_color=&#8221;#0e56ab&#8221;][vc_column_text]<\/p>\n<h3 style=\"text-align: center;\">PAGO<\/h3>\n<p style=\"text-align: center;\">El pago puede realizarse mediante transferencia Swift o tarjeta de cr\u00e9dito<a href=\"https:\/\/lorocar.com\/explore-vehicles\/\">. Nuestros precios<\/a> incluyen kilometraje ilimitado, lubricantes y mantenimiento del veh\u00edculo, as\u00ed como la entrega y recogida del mismo.<\/p>\n<p>[\/vc_column_text][vc_empty_space height=&#8221;20px&#8221;][\/vc_column][vc_column css_animation=&#8221;bounceInDown&#8221; width=&#8221;1\/3&#8243;][vc_icon icon_fontawesome=&#8221;fas fa-tags&#8221; color=&#8221;white&#8221; background_style=&#8221;rounded&#8221; background_color=&#8221;custom&#8221; align=&#8221;center&#8221; custom_background_color=&#8221;#0e56ab&#8221;][vc_column_text]<\/p>\n<h3 style=\"text-align: center;\">TARIFAS COMPETITIVAS<\/h3>\n<p style=\"text-align: center;\">Benef\u00edciate de nuestras <a href=\"https:\/\/lorocar.com\/explore-vehicles\/\">excelentes tarifas<\/a>, para <a href=\"https:\/\/lorocar.com\/explore-vehicles\/\">alquiler de veh\u00edculos<\/a> personales o de empresa, y de una calidad de servicio inigualable.<\/p>\n<p>[\/vc_column_text][vc_empty_space height=&#8221;20px&#8221;][\/vc_column][vc_column css_animation=&#8221;bounceInRight&#8221; width=&#8221;1\/3&#8243;][vc_icon icon_fontawesome=&#8221;stm-service-icon-listing_car_plus&#8221; color=&#8221;white&#8221; background_style=&#8221;rounded&#8221; background_color=&#8221;custom&#8221; align=&#8221;center&#8221; custom_background_color=&#8221;#0e56ab&#8221;][vc_column_text]<\/p>\n<h3 style=\"text-align: center;\">ALQUILER CON CH\u00d3FER<\/h3>\n<p style=\"text-align: center;\">Este <a href=\"https:\/\/lorocar.com\/nos-services\/\">servicio<\/a> se presta a petici\u00f3n, <a href=\"https:\/\/lorocar.com\/contactez-nous\/\">llama o env\u00eda un correo electr\u00f3nico<\/a> para obtener un presupuesto personalizado.<\/p>\n<p>[\/vc_column_text][vc_empty_space height=&#8221;20px&#8221;][\/vc_column][\/vc_row][vc_row full_width=&#8221;stretch_row_content_no_spaces&#8221; css=&#8221;.vc_custom_1712500062492{background-color: #ffffff !important;}&#8221;][vc_column][vc_gmaps link=&#8221;#E-8_JTNDaWZyYW1lJTIwc3JjJTNEJTIyaHR0cHMlM0ElMkYlMkZ3d3cuZ29vZ2xlLmNvbSUyRm1hcHMlMkZlbWJlZCUzRnBiJTNEJTIxMW0xNCUyMTFtOCUyMTFtMyUyMTFkMTQyMDAuNjAyOTkxNDE0MTYlMjEyZC0xMy4yMDAyODMyJTIxM2QyNy4xNTE1NDY4JTIxM20yJTIxMWkxMDI0JTIxMmk3NjglMjE0ZjEzLjElMjEzbTMlMjExbTIlMjExczB4YzM3NzMxYzhjZTY2MzMzJTI1M0EweDM3NTFiZjU1YWJiYjBiZWQlMjEyc0xPUk8lMjUyMENBUiUyNTIwTG9jYXRpb24lMjUyMGRlJTI1MjB2b2l0dXJlJTI1MjBsYWF5b3VuZSUyMTVlMCUyMTNtMiUyMTFzZnIlMjEycyUyMTR2MTcxMjQ5NzQwNTA2MSUyMTVtMiUyMTFzZnIlMjEycyUyMiUyMHdpZHRoJTNEJTIyNjAwJTIyJTIwaGVpZ2h0JTNEJTIyNDUwJTIyJTIwc3R5bGUlM0QlMjJib3JkZXIlM0EwJTNCJTIyJTIwYWxsb3dmdWxsc2NyZWVuJTNEJTIyJTIyJTIwbG9hZGluZyUzRCUyMmxhenklMjIlMjByZWZlcnJlcnBvbGljeSUzRCUyMm5vLXJlZmVycmVyLXdoZW4tZG93bmdyYWRlJTIyJTNFJTNDJTJGaWZyYW1lJTNF&#8221;][\/vc_column][\/vc_row]<\/p>\n<\/div>","protected":false},"excerpt":{"rendered":"<p>[vc_row full_width=&#8221;stretch_row_content&#8221; css=&#8221;.vc_custom_1712515657927{background-color: #ffffff !important;}&#8221;][vc_column][vc_empty_space height=&#8221;20px&#8221;][\/vc_column][\/vc_row][vc_row full_width=&#8221;stretch_row_content&#8221; css_animation=&#8221;bounceInDown&#8221; css=&#8221;.vc_custom_1712664357363{background-color: #ffffff !important;}&#8221;][vc_column][vc_custom_heading text=&#8221;NUESTROS SERVICIOS&#8221; font_container=&#8221;tag:h3|font_size:30px|text_align:center|color:%231e81f6|line_height:30px&#8221; use_theme_fonts=&#8221;yes&#8221; css=&#8221;.vc_custom_1712580495632{margin-top: 10px !important;margin-bottom: 20px !important;}&#8221; link=&#8221;url:https%3A%2F%2Florocar.com%2Fnos-services%2F&#8221;][vc_column_text] LOROCAR &#8211; ALQUILER DE COCHES LAAYOUNE POR QU\u00c9 ELEGIRNOS [\/vc_column_text][\/vc_column][\/vc_row][vc_row full_width=&#8221;stretch_row&#8221; css=&#8221;.vc_custom_1712499946607{background-color: #ffffff !important;}&#8221;][vc_column css_animation=&#8221;bounceInLeft&#8221; width=&#8221;1\/3&#8243;][vc_empty_space height=&#8221;20px&#8221;][vc_icon icon_fontawesome=&#8221;fas fa-briefcase&#8221; color=&#8221;white&#8221; background_style=&#8221;rounded&#8221; background_color=&#8221;custom&#8221; align=&#8221;center&#8221; custom_background_color=&#8221;#0e56ab&#8221;][vc_column_text] Seguros Los veh\u00edculos est\u00e1n asegurados a todo riesgo. Sin embargo,&#8230;<\/p>\n","protected":false},"author":1,"featured_media":0,"parent":0,"menu_order":0,"comment_status":"closed","ping_status":"closed","template":"","meta":{"footnotes":""},"class_list":["post-856","page","type-page","status-publish","hentry"],"_links":{"self":[{"href":"https:\/\/lorocar.com\/es\/wp-json\/wp\/v2\/pages\/856","targetHints":{"allow":["GET"]}}],"collection":[{"href":"https:\/\/lorocar.com\/es\/wp-json\/wp\/v2\/pages"}],"about":[{"href":"https:\/\/lorocar.com\/es\/wp-json\/wp\/v2\/types\/page"}],"author":[{"embeddable":true,"href":"https:\/\/lorocar.com\/es\/wp-json\/wp\/v2\/users\/1"}],"replies":[{"embeddable":true,"href":"https:\/\/lorocar.com\/es\/wp-json\/wp\/v2\/comments?post=856"}],"version-history":[{"count":2,"href":"https:\/\/lorocar.com\/es\/wp-json\/wp\/v2\/pages\/856\/revisions"}],"predecessor-version":[{"id":898,"href":"https:\/\/lorocar.com\/es\/wp-json\/wp\/v2\/pages\/856\/revisions\/898"}],"wp:attachment":[{"href":"https:\/\/lorocar.com\/es\/wp-json\/wp\/v2\/media?parent=856"}],"curies":[{"name":"wp","href":"https:\/\/api.w.org\/{rel}","templated":true}]}}