{"id":857,"date":"2024-04-06T15:55:18","date_gmt":"2024-04-06T13:55:18","guid":{"rendered":"https:\/\/lorocar.com\/alquiler-de-coches-en-laayoune\/"},"modified":"2024-05-03T12:29:50","modified_gmt":"2024-05-03T10:29:50","slug":"alquiler-de-coches-en-laayoune","status":"publish","type":"page","link":"https:\/\/lorocar.com\/es\/alquiler-de-coches-en-laayoune\/","title":{"rendered":"Alquiler de coches en Laayoune"},"content":{"rendered":"<div class=\"wpb-content-wrapper\"><p>[vc_row full_width=&#8221;stretch_row&#8221; equal_height=&#8221;yes&#8221; css=&#8221;.vc_custom_1712512626217{background-color: #ffffff !important;}&#8221;][vc_column width=&#8221;1\/2&#8243; css=&#8221;.vc_custom_1712514617716{padding-bottom: 77px !important;}&#8221;][vc_custom_heading text=&#8221;LOROCAR &#8211; AGENCIA DE ALQUILER DE COCHES EN LAAYOUNE&#8221; font_container=&#8221;tag:h3|font_size:30px|text_align:left|color:%230e56ab|line_height:30px&#8221; use_theme_fonts=&#8221;yes&#8221; css_animation=&#8221;bounceInDown&#8221; css=&#8221;.vc_custom_1712665161424{margin-bottom: 15px !important;}&#8221; link=&#8221;url:https%3A%2F%2Florocar.com%2Flocation-de-voiture-laayoune%2F&#8221;][vc_column_text css_animation=&#8221;bounceInLeft&#8221; css=&#8221;.vc_custom_1713439467705{margin-bottom: 5px !important;}&#8221;]Situada a 500 km al sur de Agadir, la ciudad de El Aai\u00fan se ha beneficiado en los \u00faltimos a\u00f1os de un desarrollo fulgurante, impulsado por inversiones espec\u00edficas para convertirla en un centro de vida y turismo excepcionales, y aprovechar al m\u00e1ximo su entorno \u00fanico entre el oc\u00e9ano, que modera el clima, y el desierto sahariano. Con tu <a href=\"https:\/\/lorocar.com\/location-voiture-laayoune\/\"><strong>alquiler de coches Laayoune <\/strong><\/a>Si buscas un lugar donde relajarte, dir\u00edgete a la playa de Foum el Oued para darte un chapuz\u00f3n en las tonificantes aguas del Atl\u00e1ntico, o dir\u00edgete al zoco de los camellos para hacer unas compras en las innumerables tiendas de artesan\u00eda, que perpet\u00faan los objetos tradicionales de la cultura y el estilo de vida saharianos.<\/p>\n<p>Tu<a href=\"https:\/\/lorocar.com\/location-voiture-laayoune\/\"><strong> coche de alquiler en El Aai\u00fan <\/strong><\/a>te llevar\u00e1 por avenidas bordeadas de palmeras que extienden sus anchas hojas bajo el sol inagotable de El Aai\u00fan, hasta la plaza de Mechouar, custodiada por sus cuatro magn\u00edficos monumentos con columnatas. Con tu coche de alquiler Avis 4&#215;4, abandona la ciudad de El Aai\u00fan y sus peque\u00f1as casas cuadradas coronadas con c\u00fapulas y revestidas de pis\u00e9 ocre. Reg\u00e1late la vista con la poes\u00eda y los misterios de las dunas hasta el oasis de Lamseid, un refugio en el desierto para las caravanas tiradas por camellos. Dirige tu<a href=\"https:\/\/lorocar.com\/location-voiture-laayoune\/\"><strong> alquiler de coches laayoune <\/strong><\/a>a la laguna de Knefis, reserva natural protegida por la abundancia de su flora acu\u00e1tica y habitada por flamencos rosas y diversas aves migratorias. Termina tu viaje en El Aai\u00fan deteniendo tu coche de alquiler en El Aai\u00fan ante uno de los restaurantes para degustar los sabores gastron\u00f3micos t\u00edpicos del folclore saharaui. \u00a1<a href=\"https:\/\/lorocar.com\/location-voiture-laayoune\/\"> Alquilar un coche en<\/a> el aeropuerto de El Aai\u00fan significa poder experimentar y abrirse a la plenitud de otra visi\u00f3n de Marruecos![\/vc_column_text][\/vc_column][vc_column width=&#8221;1\/2&#8243; css=&#8221;.vc_custom_1485501922470{background-image: url(https:\/\/jetsahara.com\/wp-content\/uploads\/2017\/01\/placeholder-2.gif?id=70) !important;}&#8221; el_class=&#8221;stm-stretch-image-right&#8221;][vc_single_image image=&#8221;541&#8243; img_size=&#8221;full&#8221; alignment=&#8221;center&#8221; css_animation=&#8221;bounceInRight&#8221;][vc_empty_space height=&#8221;20px&#8221;][\/vc_column][\/vc_row][vc_row full_width=&#8221;stretch_row_content&#8221; el_class=&#8221;stm-fullwidth-with-parallax&#8221; css=&#8221;.vc_custom_1712543763938{padding-bottom: 51px !important;background-image: url(https:\/\/lorocar.com\/wp-content\/uploads\/2024\/04\/LoroCar_Cover9.jpg?id=584) !important;}&#8221;][vc_column][vc_custom_heading text=&#8221;ALQUILER DE COCHES CON CONDUCTOR EN LOROCAR &#8211; ALQUILER DE COCHES El Aai\u00fan&#8221; font_container=&#8221;tag:h2|font_size:30px|text_align:center|color:%23ffffff|line_height:50px&#8221; use_theme_fonts=&#8221;yes&#8221; css_animation=&#8221;bounceInDown&#8221; css=&#8221;.vc_custom_1714732186392{margin-top: 68px !important;margin-bottom: 10px !important;}&#8221;][vc_column_text css_animation=&#8221;bounceInDown&#8221; css=&#8221;.vc_custom_1713439509100{margin-bottom: 31px !important;}&#8221;]<\/p>\n<p style=\"text-align: center;\"><span style=\"color: #ffffff; font-size: 14px; line-height: 24px; letter-spacing: 0.5px;\">Este servicio se presta previa solicitud, llama al<br \/>\npor tel\u00e9fono o correo electr\u00f3nico para obtener un presupuesto personalizado.<\/span><\/p>\n<p>[\/vc_column_text][vc_btn title=&#8221;CONT\u00c1CTANOS&#8221; align=&#8221;center&#8221; css_animation=&#8221;bounceInDown&#8221; link=&#8221;url:https%3A%2F%2Florocar.com%2Fes%2Fcontacta-con-nosotros%2F&#8221;][\/vc_column][\/vc_row][vc_row full_width=&#8221;stretch_row_content&#8221; css=&#8221;.vc_custom_1712513566391{background-color: #ffffff !important;}&#8221;][vc_column][vc_empty_space height=&#8221;20px&#8221;][\/vc_column][\/vc_row][vc_row full_width=&#8221;stretch_row&#8221; css=&#8221;.vc_custom_1712498632835{background-color: #ffffff !important;}&#8221;][vc_column css_animation=&#8221;bounceInLeft&#8221; width=&#8221;1\/3&#8243; css=&#8221;.vc_custom_1712665297201{background-color: #ffffff !important;}&#8221;][vc_icon icon_fontawesome=&#8221;fab fa-cc-visa&#8221; color=&#8221;white&#8221; background_style=&#8221;rounded&#8221; background_color=&#8221;custom&#8221; align=&#8221;center&#8221; custom_background_color=&#8221;#0e56ab&#8221;][vc_column_text]<\/p>\n<h3 style=\"text-align: center;\">PAGO<\/h3>\n<p style=\"text-align: center;\">El pago puede realizarse mediante transferencia Swift o tarjeta de cr\u00e9dito. <a href=\"https:\/\/lorocar.com\/explore-vehicles\/\">Nuestras tarifas<\/a> incluyen kilometraje ilimitado, lubricantes y mantenimiento del veh\u00edculo, entrega \/ recogida del veh\u00edculo.<\/p>\n<p>[\/vc_column_text][vc_empty_space height=&#8221;20px&#8221;][\/vc_column][vc_column css_animation=&#8221;bounceInUp&#8221; width=&#8221;1\/3&#8243;][vc_icon icon_fontawesome=&#8221;fas fa-tags&#8221; color=&#8221;white&#8221; background_style=&#8221;rounded&#8221; background_color=&#8221;custom&#8221; align=&#8221;center&#8221; custom_background_color=&#8221;#0e56ab&#8221;][vc_column_text]<\/p>\n<h3 style=\"text-align: center;\">TARIFAS COMPETITIVAS<\/h3>\n<p style=\"text-align: center;\">Con Lorocar <a href=\"https:\/\/lorocar.com\/location-voiture-laayoune\/\"><strong>alquiler de coches laayoune <\/strong><\/a>benef\u00edciate de nuestras excelentes tarifas, para el alquiler de veh\u00edculos personales o de negocios, y de una calidad de servicio inigualable.<\/p>\n<p>[\/vc_column_text][vc_empty_space height=&#8221;20px&#8221;][\/vc_column][vc_column css_animation=&#8221;bounceInRight&#8221; width=&#8221;1\/3&#8243;][vc_icon icon_fontawesome=&#8221;stm-service-icon-listing_car_plus&#8221; color=&#8221;white&#8221; background_style=&#8221;rounded&#8221; background_color=&#8221;custom&#8221; align=&#8221;center&#8221; custom_background_color=&#8221;#0e56ab&#8221;][vc_column_text]<\/p>\n<h3 style=\"text-align: center;\">ALQUILER CON CH\u00d3FER<\/h3>\n<p style=\"text-align: center;\">Alquiler con conductor<a href=\"https:\/\/lorocar.com\/a-propos-de-nous\/\"><strong> LOROCAR <\/strong><\/a><a href=\"https:\/\/lorocar.com\/location-voiture-laayoune\/\"><strong>alquiler de coches laayoune <\/strong><\/a>este servicio se presta bajo petici\u00f3n, <a href=\"https:\/\/lorocar.com\/contactez-nous\/\">llama o env\u00eda un correo electr\u00f3nico<\/a> para obtener un presupuesto personalizado.<\/p>\n<p>[\/vc_column_text][vc_empty_space height=&#8221;20px&#8221;][\/vc_column][\/vc_row][vc_row full_width=&#8221;stretch_row&#8221; equal_height=&#8221;yes&#8221; css=&#8221;.vc_custom_1614541621388{background-color: #273f44 !important;}&#8221;][vc_column width=&#8221;1\/2&#8243; css=&#8221;.vc_custom_1484197311087{padding-top: 51px !important;padding-bottom: 77px !important;}&#8221;][vc_custom_heading text=&#8221;LOROCAR &#8211; AGENCIA DE ALQUILER DE COCHES EN LAAYOUNE&#8221; font_container=&#8221;tag:h3|font_size:30px|text_align:left|color:%23ffffff|line_height:30px&#8221; use_theme_fonts=&#8221;yes&#8221; css_animation=&#8221;bounceInDown&#8221; css=&#8221;.vc_custom_1712665348613{margin-bottom: 38px !important;}&#8221; link=&#8221;url:https%3A%2F%2Florocar.com%2Flocation-de-voiture-laayoune%2F&#8221;][vc_column_text css_animation=&#8221;bounceInLeft&#8221; css=&#8221;.vc_custom_1713439640258{margin-bottom: 31px !important;}&#8221;]<\/p>\n<p style=\"text-align: left;\"><span style=\"color: #ffffff; font-size: 14px; line-height: 24px; letter-spacing: 0.5px;\"><a href=\"https:\/\/lorocar.com\/a-propos-de-nous\/\"><span style=\"color: #ffffff;\">Ste LOROCAR <\/span><\/a>es una <a href=\"https:\/\/lorocar.com\/location-de-voiture-laayoune\/\"><span style=\"color: #ffffff;\">agencia de alquiler de coches en El Aai\u00fan <\/span><\/a>sur de Marruecos, que te ofrece una amplia gama de productos adaptados a tus necesidades y deseos.<\/span><\/p>\n<p>[\/vc_column_text][stm_icon_button box_bg_color=&#8221;#1e81f6&#8243; box_text_color=&#8221;#273f44&#8243; link=&#8221;url:https%3A%2F%2Florocar.com%2Fexplore-vehicles%2F|title:RESERVAR&#8221;][\/vc_column][vc_column width=&#8221;1\/2&#8243; css=&#8221;.vc_custom_1485501922470{background-image: url(https:\/\/jetsahara.com\/wp-content\/uploads\/2017\/01\/placeholder-2.gif?id=70) !important;}&#8221; el_class=&#8221;stm-stretch-image-right&#8221;][vc_single_image image=&#8221;436&#8243; img_size=&#8221;full&#8221; alignment=&#8221;center&#8221; css_animation=&#8221;bounceInRight&#8221;][\/vc_column][\/vc_row][vc_row full_width=&#8221;stretch_row&#8221; css=&#8221;.vc_custom_1712497510029{background-color: #1e81f6 !important;}&#8221;][vc_column css_animation=&#8221;bounceInLeft&#8221; width=&#8221;1\/3&#8243;][vc_empty_space height=&#8221;30px&#8221;][vc_icon icon_fontawesome=&#8221;fas fa-users-cog&#8221; color=&#8221;white&#8221; size=&#8221;xl&#8221; align=&#8221;center&#8221;][vc_column_text css=&#8221;.vc_custom_1712499695415{margin-bottom: 31px !important;}&#8221;]<\/p>\n<p style=\"text-align: center;\"><strong><span style=\"color: #ffffff; font-size: 18px; line-height: 24px; letter-spacing: 0.5px;\">GRAN EQUIPO<\/span><\/strong><\/p>\n<p>[\/vc_column_text][\/vc_column][vc_column css_animation=&#8221;bounceInUp&#8221; width=&#8221;1\/3&#8243;][vc_empty_space height=&#8221;30px&#8221;][vc_icon icon_fontawesome=&#8221;fas fa-comment&#8221; color=&#8221;white&#8221; size=&#8221;xl&#8221; align=&#8221;center&#8221;][vc_column_text css=&#8221;.vc_custom_1712512054614{margin-bottom: 31px !important;}&#8221;]<\/p>\n<p style=\"text-align: center;\"><strong><span style=\"color: #ffffff; font-size: 18px; line-height: 24px; letter-spacing: 0.5px;\">MEJOR ASESOR<\/span><\/strong><\/p>\n<p>[\/vc_column_text][\/vc_column][vc_column css_animation=&#8221;bounceInRight&#8221; width=&#8221;1\/3&#8243;][vc_empty_space height=&#8221;30px&#8221;][vc_icon icon_fontawesome=&#8221;fas fa-headphones-alt&#8221; color=&#8221;white&#8221; size=&#8221;xl&#8221; align=&#8221;center&#8221;][vc_column_text css=&#8221;.vc_custom_1712512161208{margin-bottom: 31px !important;}&#8221;]<\/p>\n<p style=\"text-align: center;\"><strong><span style=\"color: #ffffff; font-size: 18px; line-height: 24px; letter-spacing: 0.5px;\">ASISTENCIA 24\/7<\/span><\/strong><\/p>\n<p>[\/vc_column_text][\/vc_column][\/vc_row][vc_row full_width=&#8221;stretch_row_content_no_spaces&#8221; css=&#8221;.vc_custom_1712500062492{background-color: #ffffff !important;}&#8221;][vc_column][vc_gmaps link=&#8221;#E-8_JTNDaWZyYW1lJTIwc3JjJTNEJTIyaHR0cHMlM0ElMkYlMkZ3d3cuZ29vZ2xlLmNvbSUyRm1hcHMlMkZlbWJlZCUzRnBiJTNEJTIxMW0xNCUyMTFtOCUyMTFtMyUyMTFkMTQyMDAuNjAyOTkxNDE0MTYlMjEyZC0xMy4yMDAyODMyJTIxM2QyNy4xNTE1NDY4JTIxM20yJTIxMWkxMDI0JTIxMmk3NjglMjE0ZjEzLjElMjEzbTMlMjExbTIlMjExczB4YzM3NzMxYzhjZTY2MzMzJTI1M0EweDM3NTFiZjU1YWJiYjBiZWQlMjEyc0xPUk8lMjUyMENBUiUyNTIwTG9jYXRpb24lMjUyMGRlJTI1MjB2b2l0dXJlJTI1MjBsYWF5b3VuZSUyMTVlMCUyMTNtMiUyMTFzZnIlMjEycyUyMTR2MTcxMjQ5NzQwNTA2MSUyMTVtMiUyMTFzZnIlMjEycyUyMiUyMHdpZHRoJTNEJTIyNjAwJTIyJTIwaGVpZ2h0JTNEJTIyNDUwJTIyJTIwc3R5bGUlM0QlMjJib3JkZXIlM0EwJTNCJTIyJTIwYWxsb3dmdWxsc2NyZWVuJTNEJTIyJTIyJTIwbG9hZGluZyUzRCUyMmxhenklMjIlMjByZWZlcnJlcnBvbGljeSUzRCUyMm5vLXJlZmVycmVyLXdoZW4tZG93bmdyYWRlJTIyJTNFJTNDJTJGaWZyYW1lJTNF&#8221;][\/vc_column][\/vc_row]<\/p>\n<\/div>","protected":false},"excerpt":{"rendered":"<p>[vc_row full_width=&#8221;stretch_row&#8221; equal_height=&#8221;yes&#8221; css=&#8221;.vc_custom_1712512626217{background-color: #ffffff !important;}&#8221;][vc_column width=&#8221;1\/2&#8243; css=&#8221;.vc_custom_1712514617716{padding-bottom: 77px !important;}&#8221;][vc_custom_heading text=&#8221;LOROCAR &#8211; AGENCIA DE ALQUILER DE COCHES EN LAAYOUNE&#8221; font_container=&#8221;tag:h3|font_size:30px|text_align:left|color:%230e56ab|line_height:30px&#8221; use_theme_fonts=&#8221;yes&#8221; css_animation=&#8221;bounceInDown&#8221; css=&#8221;.vc_custom_1712665161424{margin-bottom: 15px !important;}&#8221; link=&#8221;url:https%3A%2F%2Florocar.com%2Flocation-de-voiture-laayoune%2F&#8221;][vc_column_text css_animation=&#8221;bounceInLeft&#8221; css=&#8221;.vc_custom_1713439467705{margin-bottom: 5px !important;}&#8221;]Situada a 500 km al sur de Agadir, la ciudad de El Aai\u00fan se ha beneficiado en los \u00faltimos a\u00f1os de un desarrollo fulgurante, impulsado por&#8230;<\/p>\n","protected":false},"author":1,"featured_media":0,"parent":0,"menu_order":0,"comment_status":"closed","ping_status":"closed","template":"","meta":{"footnotes":""},"class_list":["post-857","page","type-page","status-publish","hentry"],"_links":{"self":[{"href":"https:\/\/lorocar.com\/es\/wp-json\/wp\/v2\/pages\/857","targetHints":{"allow":["GET"]}}],"collection":[{"href":"https:\/\/lorocar.com\/es\/wp-json\/wp\/v2\/pages"}],"about":[{"href":"https:\/\/lorocar.com\/es\/wp-json\/wp\/v2\/types\/page"}],"author":[{"embeddable":true,"href":"https:\/\/lorocar.com\/es\/wp-json\/wp\/v2\/users\/1"}],"replies":[{"embeddable":true,"href":"https:\/\/lorocar.com\/es\/wp-json\/wp\/v2\/comments?post=857"}],"version-history":[{"count":3,"href":"https:\/\/lorocar.com\/es\/wp-json\/wp\/v2\/pages\/857\/revisions"}],"predecessor-version":[{"id":1072,"href":"https:\/\/lorocar.com\/es\/wp-json\/wp\/v2\/pages\/857\/revisions\/1072"}],"wp:attachment":[{"href":"https:\/\/lorocar.com\/es\/wp-json\/wp\/v2\/media?parent=857"}],"curies":[{"name":"wp","href":"https:\/\/api.w.org\/{rel}","templated":true}]}}