{"id":929,"date":"2024-04-05T19:32:32","date_gmt":"2024-04-05T17:32:32","guid":{"rendered":"https:\/\/lorocar.com\/produit\/skoda-octavia\/"},"modified":"2024-04-26T11:48:47","modified_gmt":"2024-04-26T09:48:47","slug":"skoda-octavia","status":"publish","type":"product","link":"https:\/\/lorocar.com\/es\/produit\/skoda-octavia\/","title":{"rendered":"Skoda Octavia"},"content":{"rendered":"","protected":false},"excerpt":{"rendered":"<p><strong>ALQUILER DE COCHES El Aai\u00fan\u00a0&#8211; SKODA OCTAVIA: <\/strong>Skoda Octavia En LOROCAR <strong>Alquiler de coches en la\u00e2youne y alquiler de coches aeropuerto laayoune<\/strong> Al mejor precio s\u00f3lo <strong>350Dhs\/D\u00eda : <\/strong><\/p>\n<p>&nbsp;<\/p>\n<ul>\n<li><strong>Uso del<\/strong> veh\u00edculo S\u00f3lo el Arrendatario podr\u00e1 conducir el veh\u00edculo de alquiler, del que es responsable, y s\u00f3lo podr\u00e1 utilizarlo para sus necesidades personales.<\/li>\n<li><strong>Estado del veh\u00edculo y responsabilidad<\/strong> El veh\u00edculo se entrega en muy buen estado de funcionamiento. el arrendatario es el \u00fanico responsable de las multas, contravenciones y citaciones que se le impongan.<\/li>\n<li><strong>Seguro<\/strong> Los veh\u00edculos de LOROCAR <strong>Alquiler de Coches en El Aai\u00fan<\/strong> est\u00e1n totalmente asegurados.<\/li>\n<\/ul>\n<p><!-- \/wp:paragraph --><!-- wp:heading {\"level\":3} --><\/p>\n","protected":false},"featured_media":695,"template":"","meta":[],"product_cat":[97],"product_tag":[],"class_list":{"0":"post-929","1":"product","2":"type-product","3":"status-publish","4":"has-post-thumbnail","6":"product_cat-skoda-es","8":"first","9":"instock","10":"shipping-taxable","11":"purchasable","12":"product-type-simple"},"_links":{"self":[{"href":"https:\/\/lorocar.com\/es\/wp-json\/wp\/v2\/product\/929","targetHints":{"allow":["GET"]}}],"collection":[{"href":"https:\/\/lorocar.com\/es\/wp-json\/wp\/v2\/product"}],"about":[{"href":"https:\/\/lorocar.com\/es\/wp-json\/wp\/v2\/types\/product"}],"wp:featuredmedia":[{"embeddable":true,"href":"https:\/\/lorocar.com\/es\/wp-json\/wp\/v2\/media\/695"}],"wp:attachment":[{"href":"https:\/\/lorocar.com\/es\/wp-json\/wp\/v2\/media?parent=929"}],"wp:term":[{"taxonomy":"product_cat","embeddable":true,"href":"https:\/\/lorocar.com\/es\/wp-json\/wp\/v2\/product_cat?post=929"},{"taxonomy":"product_tag","embeddable":true,"href":"https:\/\/lorocar.com\/es\/wp-json\/wp\/v2\/product_tag?post=929"}],"curies":[{"name":"wp","href":"https:\/\/api.w.org\/{rel}","templated":true}]}}