{"id":945,"date":"2024-04-05T19:42:11","date_gmt":"2024-04-05T17:42:11","guid":{"rendered":"https:\/\/lorocar.com\/produit\/renault-clio\/"},"modified":"2024-04-26T11:40:35","modified_gmt":"2024-04-26T09:40:35","slug":"renault-clio","status":"publish","type":"product","link":"https:\/\/lorocar.com\/es\/produit\/renault-clio\/","title":{"rendered":"Renault Clio"},"content":{"rendered":"","protected":false},"excerpt":{"rendered":"<p><strong>ALQUILER DE COCHES El Aai\u00fan<\/strong>\u00a0<strong>&#8211; RENAULT CLIO: <\/strong>Renault Clio Chez LOROCAR <strong>Alquiler de coches en la\u00e2youne &amp; alquiler de coches aeropuerto laayoune<\/strong> Al mejor precio s\u00f3lo <strong>250Dhs\/D\u00eda : <\/strong><\/p>\n<p>&nbsp;<\/p>\n<ul>\n<li><strong>Uso del<\/strong> veh\u00edculo S\u00f3lo el Arrendatario podr\u00e1 conducir el veh\u00edculo de alquiler, del que es responsable, y s\u00f3lo podr\u00e1 utilizarlo para sus necesidades personales.<\/li>\n<li><strong>Estado del veh\u00edculo y responsabilidad<\/strong> El veh\u00edculo se entrega en muy buen estado de funcionamiento. el arrendatario es el \u00fanico responsable de las multas, contravenciones y citaciones que se le impongan.<\/li>\n<li><strong>Seguro<\/strong> El <strong>alquiler de coches<\/strong> LOROCAR <strong>en Laayoune<\/strong> est\u00e1 asegurado a todo riesgo.<\/li>\n<\/ul>\n<p><!-- \/wp:paragraph --><!-- wp:heading {\"level\":3} --><\/p>\n","protected":false},"featured_media":711,"template":"","meta":[],"product_cat":[112],"product_tag":[],"class_list":{"0":"post-945","1":"product","2":"type-product","3":"status-publish","4":"has-post-thumbnail","6":"product_cat-sin-categoria","8":"first","9":"instock","10":"featured","11":"shipping-taxable","12":"purchasable","13":"product-type-simple"},"_links":{"self":[{"href":"https:\/\/lorocar.com\/es\/wp-json\/wp\/v2\/product\/945","targetHints":{"allow":["GET"]}}],"collection":[{"href":"https:\/\/lorocar.com\/es\/wp-json\/wp\/v2\/product"}],"about":[{"href":"https:\/\/lorocar.com\/es\/wp-json\/wp\/v2\/types\/product"}],"wp:featuredmedia":[{"embeddable":true,"href":"https:\/\/lorocar.com\/es\/wp-json\/wp\/v2\/media\/711"}],"wp:attachment":[{"href":"https:\/\/lorocar.com\/es\/wp-json\/wp\/v2\/media?parent=945"}],"wp:term":[{"taxonomy":"product_cat","embeddable":true,"href":"https:\/\/lorocar.com\/es\/wp-json\/wp\/v2\/product_cat?post=945"},{"taxonomy":"product_tag","embeddable":true,"href":"https:\/\/lorocar.com\/es\/wp-json\/wp\/v2\/product_tag?post=945"}],"curies":[{"name":"wp","href":"https:\/\/api.w.org\/{rel}","templated":true}]}}