{"id":949,"date":"2024-04-05T20:25:07","date_gmt":"2024-04-05T18:25:07","guid":{"rendered":"https:\/\/lorocar.com\/produit\/dacia-logan-gasolina\/"},"modified":"2024-04-26T11:19:06","modified_gmt":"2024-04-26T09:19:06","slug":"dacia-logan-gasolina","status":"publish","type":"product","link":"https:\/\/lorocar.com\/es\/produit\/dacia-logan-gasolina\/","title":{"rendered":"Dacia Logan Gasolina"},"content":{"rendered":"","protected":false},"excerpt":{"rendered":"<p><strong>ALQUILER DE COCHES El Aai\u00fan<\/strong>\u00a0&#8211; <strong>DACIA LOGAN<\/strong> GASOLINA: Dacia Logan Gasolina En LOROCAR <strong>Alquila un coche en el aai\u00fan<\/strong> y <strong>alquiler de coches en el aeropuerto de el aai\u00fan<\/strong> Al mejor precio s\u00f3lo a 195Dhs\/D\u00eda:<\/p>\n<p>&nbsp;<\/p>\n<ul>\n<li><strong>Uso del<\/strong> veh\u00edculo S\u00f3lo el Arrendatario podr\u00e1 conducir el veh\u00edculo de alquiler, del que es responsable, y s\u00f3lo podr\u00e1 utilizarlo para sus necesidades personales.<\/li>\n<li><strong>Estado del veh\u00edculo y responsabilidad<\/strong> El veh\u00edculo se entrega en muy buen estado de funcionamiento. el arrendatario es el \u00fanico responsable de las multas, contravenciones y citaciones que se le impongan.<\/li>\n<li><strong>Seguro<\/strong> El<strong> alquiler de coches<\/strong> LOROCAR<strong> en Laayoune<\/strong> est\u00e1 asegurado a todo riesgo.<\/li>\n<\/ul>\n<p><!-- \/wp:paragraph --><!-- wp:heading {\"level\":3} --><\/p>\n","protected":false},"featured_media":761,"template":"","meta":[],"product_cat":[95],"product_tag":[],"class_list":{"0":"post-949","1":"product","2":"type-product","3":"status-publish","4":"has-post-thumbnail","6":"product_cat-dacia-es","8":"first","9":"instock","10":"shipping-taxable","11":"purchasable","12":"product-type-simple"},"_links":{"self":[{"href":"https:\/\/lorocar.com\/es\/wp-json\/wp\/v2\/product\/949","targetHints":{"allow":["GET"]}}],"collection":[{"href":"https:\/\/lorocar.com\/es\/wp-json\/wp\/v2\/product"}],"about":[{"href":"https:\/\/lorocar.com\/es\/wp-json\/wp\/v2\/types\/product"}],"wp:featuredmedia":[{"embeddable":true,"href":"https:\/\/lorocar.com\/es\/wp-json\/wp\/v2\/media\/761"}],"wp:attachment":[{"href":"https:\/\/lorocar.com\/es\/wp-json\/wp\/v2\/media?parent=949"}],"wp:term":[{"taxonomy":"product_cat","embeddable":true,"href":"https:\/\/lorocar.com\/es\/wp-json\/wp\/v2\/product_cat?post=949"},{"taxonomy":"product_tag","embeddable":true,"href":"https:\/\/lorocar.com\/es\/wp-json\/wp\/v2\/product_tag?post=949"}],"curies":[{"name":"wp","href":"https:\/\/api.w.org\/{rel}","templated":true}]}}