{"id":950,"date":"2024-04-05T20:27:35","date_gmt":"2024-04-05T18:27:35","guid":{"rendered":"https:\/\/lorocar.com\/produit\/dacia-duster-automatico-44\/"},"modified":"2024-04-25T14:59:15","modified_gmt":"2024-04-25T12:59:15","slug":"dacia-duster-automatique-4-4","status":"publish","type":"product","link":"https:\/\/lorocar.com\/es\/produit\/dacia-duster-automatique-4-4\/","title":{"rendered":"Dacia Duster Automatique 4*4"},"content":{"rendered":"","protected":false},"excerpt":{"rendered":"<p><strong>ALQUILER DE COCHES El Aai\u00fan<\/strong>\u00a0&#8211; <strong>DACIA DUSTER AUTOMATICO 4*4<\/strong>: Dacia Duster Autom\u00e1tico 4*4 En LOROCAR <strong>Alquiler de coches en La\u00e2youne<\/strong> y <strong>alquiler de coches en el aeropuerto de Laayoune<\/strong> Al mejor precio s\u00f3lo a 350Dhs\/D\u00eda:<\/p>\n<p>&nbsp;<\/p>\n<ul>\n<li><strong>Uso del coche<\/strong> El arrendatario est\u00e1 obligado a conducir por s\u00ed solo el veh\u00edculo de alquiler, del que es responsable y s\u00f3lo deber\u00e1 utilizarlo para sus necesidades personales.<\/li>\n<li><strong>Estado del coche y responsabilidad<\/strong> El veh\u00edculo se entrega en muy buen estado de funcionamiento. el inquilino es el \u00fanico responsable de las multas, multas y atestados que se le hagan.<\/li>\n<li><strong>Seguros<\/strong> Los veh\u00edculos LOROCAR de <strong>alquiler de coches en El Aai\u00fan<\/strong> para alquiler de coches est\u00e1n totalmente asegurados.<\/li>\n<\/ul>\n<p><!-- \/wp:paragraph --><!-- wp:heading {\"level\":3} --><\/p>\n","protected":false},"featured_media":993,"template":"","meta":[],"product_cat":[95],"product_tag":[],"class_list":{"0":"post-950","1":"product","2":"type-product","3":"status-publish","4":"has-post-thumbnail","6":"product_cat-dacia-es","8":"first","9":"instock","10":"shipping-taxable","11":"purchasable","12":"product-type-simple"},"_links":{"self":[{"href":"https:\/\/lorocar.com\/es\/wp-json\/wp\/v2\/product\/950","targetHints":{"allow":["GET"]}}],"collection":[{"href":"https:\/\/lorocar.com\/es\/wp-json\/wp\/v2\/product"}],"about":[{"href":"https:\/\/lorocar.com\/es\/wp-json\/wp\/v2\/types\/product"}],"wp:featuredmedia":[{"embeddable":true,"href":"https:\/\/lorocar.com\/es\/wp-json\/wp\/v2\/media\/993"}],"wp:attachment":[{"href":"https:\/\/lorocar.com\/es\/wp-json\/wp\/v2\/media?parent=950"}],"wp:term":[{"taxonomy":"product_cat","embeddable":true,"href":"https:\/\/lorocar.com\/es\/wp-json\/wp\/v2\/product_cat?post=950"},{"taxonomy":"product_tag","embeddable":true,"href":"https:\/\/lorocar.com\/es\/wp-json\/wp\/v2\/product_tag?post=950"}],"curies":[{"name":"wp","href":"https:\/\/api.w.org\/{rel}","templated":true}]}}